{"id":237,"date":"2020-11-10T12:34:10","date_gmt":"2020-11-10T12:34:10","guid":{"rendered":"http:\/\/www.paubcn.com\/index.php\/proyecto-copy-2\/"},"modified":"2021-05-24T12:03:58","modified_gmt":"2021-05-24T12:03:58","slug":"portal-de-la-paz-de-barcelona","status":"publish","type":"page","link":"https:\/\/www.paubcn.com\/index.php\/portal-de-la-paz-de-barcelona\/","title":{"rendered":"PORTAL DE LA PAZ"},"content":{"rendered":"\n<div class=\"wp-block-cover has-parallax\" style=\"background-image:url(https:\/\/www.paubcn.com\/wp-content\/uploads\/2020\/11\/Barcelona-984035_1920-1.jpg)\"><div class=\"wp-block-cover__inner-container is-layout-flow wp-block-cover-is-layout-flow\">\n<p class=\"has-text-align-center has-text-color\" style=\"color:#f3e873;font-size:35px\"><strong>Portal de la Paz<\/strong><\/p>\n<\/div><\/div>\n\n\n\n<p><strong>El 19 de Noviembre de 1850<\/strong> se abri\u00f3 en la muralla, delante del mar de Barcelona, una nueva puerta para comunicar el embarcadero del actual muelle de Atarazanas con el interior de la ciudad.<\/p>\n\n\n\n<p>Ese proyecto de apertura y urbanizaci\u00f3n fue encargado al arquitecto <strong>Sim\u00f3 Ferr\u00e9<\/strong>, y una l\u00e1pida de m\u00e1rmol, instalada despu\u00e9s, hac\u00eda referencia a la paz que el marqu\u00e9s del Duero, <strong>Manuel Guti\u00e9rrez de la Concha<\/strong> (Capit\u00e1n general de Catalu\u00f1a) consigui\u00f3 en 1849 en la segunda guerra carlina o <em>&#8220;<a href=\"https:\/\/es.wikipedia.org\/wiki\/Segunda_guerra_carlista\" target=\"_blank\" rel=\"noreferrer noopener\">guerra dels matiners<\/a>&#8220;<\/em>.<\/p>\n\n\n\n<p>El Portal de la Paz es sin duda, una de las plazas m\u00e1s emblem\u00e1ticas de Barcelona, con la sede de la Autoridad Portuaria y otros edificios destacados como el Gobierno Militar, la Comandancia de Marina y las antiguas <a href=\"https:\/\/www.mmb.cat\/?gclid=EAIaIQobChMI3bScgryb7gIVRu3tCh0TGQWGEAAYASAAEgIQI_D_BwE\" target=\"_blank\" rel=\"noreferrer noopener\">Atarazanas<\/a>.<\/p>\n\n\n\n<blockquote class=\"wp-block-quote has-text-align-left is-style-default is-layout-flow wp-block-quote-is-layout-flow\"><p><em>&#8230; al mismo tiempo, el municipio para celebrar la paz en la contienda civil, acord\u00f3 construir un portillo de mar entre la rampa de la muralla de mar y la parte antigua de las Atarazanas, a fin de que pudiese pasarse al mar desde la Rambla, sin rodeos engorrosos. Se llam\u00f3 Puerta de la Paz y se reduc\u00eda a un simple portillo, de estilo neocl\u00e1sico, tan sombr\u00edo que le otorgaba aspecto de puerta de camposanto&#8230;<\/em><\/p><cite><em>&#8220;La Rambla de Barcelona, su historia urbana y sentimental&#8221; de Luis Almerich 1945<\/em><\/cite><\/blockquote>\n\n\n\n<figure class=\"wp-block-image size-large is-style-rounded\"><img loading=\"lazy\" decoding=\"async\" width=\"1024\" height=\"617\" src=\"https:\/\/www.paubcn.com\/wp-content\/uploads\/2021\/01\/Portal-de-la-Pau-1024x617.jpeg\" alt=\"Plaza del Portal de la Pau de Barcelona\" class=\"wp-image-1345\" srcset=\"https:\/\/www.paubcn.com\/wp-content\/uploads\/2021\/01\/Portal-de-la-Pau-1024x617.jpeg 1024w, https:\/\/www.paubcn.com\/wp-content\/uploads\/2021\/01\/Portal-de-la-Pau-300x181.jpeg 300w, https:\/\/www.paubcn.com\/wp-content\/uploads\/2021\/01\/Portal-de-la-Pau-768x463.jpeg 768w, https:\/\/www.paubcn.com\/wp-content\/uploads\/2021\/01\/Portal-de-la-Pau-1200x723.jpeg 1200w, https:\/\/www.paubcn.com\/wp-content\/uploads\/2021\/01\/Portal-de-la-Pau.jpeg 1380w\" sizes=\"auto, (max-width: 1024px) 100vw, 1024px\" \/><\/figure>\n\n\n\n<p>El Portal de la Paz plantea la posibilidad de recuperar el esp\u00edritu que da nombre a esta plaza hist\u00f3rica de nuestra ciudad, aprovechando para dotarla del contenido simb\u00f3lico y del prestigio y la importancia que merece su nombre.<br>La propuesta supone una puerta similar a la de la fachada de la Gloria de la Sagrada Fam\u00edlia, que dispondria de elementos verticales decorados tan s\u00f3lo con la palabra &#8220;PAZ&#8221; en todos los idiomas del planeta.<\/p>\n\n\n\n<div class=\"wp-block-cover has-parallax\" style=\"background-image:url(https:\/\/www.paubcn.com\/wp-content\/uploads\/2020\/11\/Barcelona_catedral_1.jpg)\"><div class=\"wp-block-cover__inner-container is-layout-flow wp-block-cover-is-layout-flow\">\n<p class=\"has-text-align-center has-text-color\" style=\"color:#f3e873;font-size:35px\"><strong>\/ PAZ \/ PAU \/ PEACE \/ PAIX \/ <br>\/ FRIEDEN \/ PACE \/ BAKEA \/&#8230;\/<\/strong><\/p>\n<\/div><\/div>\n\n\n\n<p>Podemos imaginar una puerta en medio de la nada, una puerta que nunca estar\u00e1 cerrada, siempre entreabierta. Una puerta que se abrir\u00e1 totalmente con acontecimientos muy concretos y portadores de paz, como el final de conflictos internacionales&#8230;.., ser\u00eda el mejor final para la Rambla de Barcelona.<br><br>As\u00ed mismo, planteamos la posibilidad de realizar una consulta internacional permanente para valorar qu\u00e9 dias del a\u00f1o, al margen del 21 de Septiembre, merecer\u00edan mantener abierta la &#8220;Puerta de la Paz&#8221;.<\/p>\n\n\n\n<p class=\"has-accent-color has-subtle-background-background-color has-text-color has-background\">Traspasar la Puerta de la Paz de Barcelona, ser\u00eda el principio de la paz como camino.<\/p>\n\n\n\n<div class=\"wp-block-buttons is-layout-flex wp-block-buttons-is-layout-flex\">\n<div class=\"wp-block-button\"><a class=\"wp-block-button__link\" href=\"https:\/\/www.paubcn.com\/index.php\/propuesta-del-paseo-camino-de-la-paz\/\">2. Paseo camino de la paz<\/a><\/div>\n<\/div>\n\n\n\n<hr class=\"wp-block-separator\"\/>\n","protected":false},"excerpt":{"rendered":"<p>El 19 de Noviembre de 1850 se abri\u00f3 en la muralla, delante del mar de Barcelona, una nueva puerta para comunicar el embarcadero del actual muelle de Atarazanas con el interior de la ciudad. Ese proyecto de apertura y urbanizaci\u00f3n fue encargado al arquitecto Sim\u00f3 Ferr\u00e9, y una l\u00e1pida de m\u00e1rmol, instalada despu\u00e9s, hac\u00eda referencia [&hellip;]<\/p>\n","protected":false},"author":1,"featured_media":0,"parent":0,"menu_order":0,"comment_status":"closed","ping_status":"closed","template":"templates\/template-full-width.php","meta":{"_monsterinsights_skip_tracking":false,"_monsterinsights_sitenote_active":false,"_monsterinsights_sitenote_note":"","_monsterinsights_sitenote_category":0,"footnotes":""},"class_list":["post-237","page","type-page","status-publish","hentry"],"yoast_head":"<!-- This site is optimized with the Yoast SEO plugin v27.4 - https:\/\/yoast.com\/product\/yoast-seo-wordpress\/ -->\n<title>PORTAL DE LA PAZ - Barcelona ciudad referente mundial de la paz<\/title>\n<meta name=\"description\" content=\"El Portal de la Paz, es sin duda, una de las plazas m\u00e1s emblem\u00e1ticas de Barcelona, con la sede de la Autoridad Portuaria y otros edificios destacados\" \/>\n<meta name=\"robots\" content=\"index, follow, max-snippet:-1, max-image-preview:large, max-video-preview:-1\" \/>\n<link rel=\"canonical\" href=\"https:\/\/www.paubcn.com\/index.php\/portal-de-la-paz-de-barcelona\/\" \/>\n<meta property=\"og:locale\" content=\"ca_ES\" \/>\n<meta property=\"og:type\" content=\"article\" \/>\n<meta property=\"og:title\" content=\"PORTAL DE LA PAZ - Barcelona ciudad referente mundial de la paz\" \/>\n<meta property=\"og:description\" content=\"El Portal de la Paz, es sin duda, una de las plazas m\u00e1s emblem\u00e1ticas de Barcelona, con la sede de la Autoridad Portuaria y otros edificios destacados\" \/>\n<meta property=\"og:url\" content=\"https:\/\/www.paubcn.com\/index.php\/portal-de-la-paz-de-barcelona\/\" \/>\n<meta property=\"og:site_name\" content=\"Barcelona ciudad referente mundial de la paz\" \/>\n<meta property=\"article:modified_time\" content=\"2021-05-24T12:03:58+00:00\" \/>\n<meta property=\"og:image\" content=\"https:\/\/www.paubcn.com\/wp-content\/uploads\/2021\/01\/Portal-de-la-Pau-1024x617.jpeg\" \/>\n<meta name=\"twitter:card\" content=\"summary_large_image\" \/>\n<meta name=\"twitter:label1\" content=\"Temps estimat de lectura\" \/>\n\t<meta name=\"twitter:data1\" content=\"2 minuts\" \/>\n<script type=\"application\/ld+json\" class=\"yoast-schema-graph\">{\"@context\":\"https:\\\/\\\/schema.org\",\"@graph\":[{\"@type\":\"WebPage\",\"@id\":\"https:\\\/\\\/www.paubcn.com\\\/index.php\\\/portal-de-la-paz-de-barcelona\\\/\",\"url\":\"https:\\\/\\\/www.paubcn.com\\\/index.php\\\/portal-de-la-paz-de-barcelona\\\/\",\"name\":\"PORTAL DE LA PAZ - Barcelona ciudad referente mundial de la paz\",\"isPartOf\":{\"@id\":\"https:\\\/\\\/www.paubcn.com\\\/#website\"},\"primaryImageOfPage\":{\"@id\":\"https:\\\/\\\/www.paubcn.com\\\/index.php\\\/portal-de-la-paz-de-barcelona\\\/#primaryimage\"},\"image\":{\"@id\":\"https:\\\/\\\/www.paubcn.com\\\/index.php\\\/portal-de-la-paz-de-barcelona\\\/#primaryimage\"},\"thumbnailUrl\":\"https:\\\/\\\/www.paubcn.com\\\/wp-content\\\/uploads\\\/2021\\\/01\\\/Portal-de-la-Pau-1024x617.jpeg\",\"datePublished\":\"2020-11-10T12:34:10+00:00\",\"dateModified\":\"2021-05-24T12:03:58+00:00\",\"description\":\"El Portal de la Paz, es sin duda, una de las plazas m\u00e1s emblem\u00e1ticas de Barcelona, con la sede de la Autoridad Portuaria y otros edificios destacados\",\"breadcrumb\":{\"@id\":\"https:\\\/\\\/www.paubcn.com\\\/index.php\\\/portal-de-la-paz-de-barcelona\\\/#breadcrumb\"},\"inLanguage\":\"ca\",\"potentialAction\":[{\"@type\":\"ReadAction\",\"target\":[\"https:\\\/\\\/www.paubcn.com\\\/index.php\\\/portal-de-la-paz-de-barcelona\\\/\"]}]},{\"@type\":\"ImageObject\",\"inLanguage\":\"ca\",\"@id\":\"https:\\\/\\\/www.paubcn.com\\\/index.php\\\/portal-de-la-paz-de-barcelona\\\/#primaryimage\",\"url\":\"https:\\\/\\\/www.paubcn.com\\\/wp-content\\\/uploads\\\/2021\\\/01\\\/Portal-de-la-Pau.jpeg\",\"contentUrl\":\"https:\\\/\\\/www.paubcn.com\\\/wp-content\\\/uploads\\\/2021\\\/01\\\/Portal-de-la-Pau.jpeg\",\"width\":1380,\"height\":832},{\"@type\":\"BreadcrumbList\",\"@id\":\"https:\\\/\\\/www.paubcn.com\\\/index.php\\\/portal-de-la-paz-de-barcelona\\\/#breadcrumb\",\"itemListElement\":[{\"@type\":\"ListItem\",\"position\":1,\"name\":\"Home\",\"item\":\"https:\\\/\\\/www.paubcn.com\\\/\"},{\"@type\":\"ListItem\",\"position\":2,\"name\":\"PORTAL DE LA PAZ\"}]},{\"@type\":\"WebSite\",\"@id\":\"https:\\\/\\\/www.paubcn.com\\\/#website\",\"url\":\"https:\\\/\\\/www.paubcn.com\\\/\",\"name\":\"Barcelona ciudad referente mundial de la paz\",\"description\":\"\",\"publisher\":{\"@id\":\"https:\\\/\\\/www.paubcn.com\\\/#organization\"},\"potentialAction\":[{\"@type\":\"SearchAction\",\"target\":{\"@type\":\"EntryPoint\",\"urlTemplate\":\"https:\\\/\\\/www.paubcn.com\\\/?s={search_term_string}\"},\"query-input\":{\"@type\":\"PropertyValueSpecification\",\"valueRequired\":true,\"valueName\":\"search_term_string\"}}],\"inLanguage\":\"ca\"},{\"@type\":\"Organization\",\"@id\":\"https:\\\/\\\/www.paubcn.com\\\/#organization\",\"name\":\"Barcelona ciudad referente mundial de la paz\",\"url\":\"https:\\\/\\\/www.paubcn.com\\\/\",\"logo\":{\"@type\":\"ImageObject\",\"inLanguage\":\"ca\",\"@id\":\"https:\\\/\\\/www.paubcn.com\\\/#\\\/schema\\\/logo\\\/image\\\/\",\"url\":\"https:\\\/\\\/www.paubcn.com\\\/wp-content\\\/uploads\\\/2020\\\/11\\\/cropped-O_gris.png\",\"contentUrl\":\"https:\\\/\\\/www.paubcn.com\\\/wp-content\\\/uploads\\\/2020\\\/11\\\/cropped-O_gris.png\",\"width\":1345,\"height\":310,\"caption\":\"Barcelona ciudad referente mundial de la paz\"},\"image\":{\"@id\":\"https:\\\/\\\/www.paubcn.com\\\/#\\\/schema\\\/logo\\\/image\\\/\"}}]}<\/script>\n<!-- \/ Yoast SEO plugin. -->","yoast_head_json":{"title":"PORTAL DE LA PAZ - Barcelona ciudad referente mundial de la paz","description":"El Portal de la Paz, es sin duda, una de las plazas m\u00e1s emblem\u00e1ticas de Barcelona, con la sede de la Autoridad Portuaria y otros edificios destacados","robots":{"index":"index","follow":"follow","max-snippet":"max-snippet:-1","max-image-preview":"max-image-preview:large","max-video-preview":"max-video-preview:-1"},"canonical":"https:\/\/www.paubcn.com\/index.php\/portal-de-la-paz-de-barcelona\/","og_locale":"ca_ES","og_type":"article","og_title":"PORTAL DE LA PAZ - Barcelona ciudad referente mundial de la paz","og_description":"El Portal de la Paz, es sin duda, una de las plazas m\u00e1s emblem\u00e1ticas de Barcelona, con la sede de la Autoridad Portuaria y otros edificios destacados","og_url":"https:\/\/www.paubcn.com\/index.php\/portal-de-la-paz-de-barcelona\/","og_site_name":"Barcelona ciudad referente mundial de la paz","article_modified_time":"2021-05-24T12:03:58+00:00","og_image":[{"url":"https:\/\/www.paubcn.com\/wp-content\/uploads\/2021\/01\/Portal-de-la-Pau-1024x617.jpeg","type":"","width":"","height":""}],"twitter_card":"summary_large_image","twitter_misc":{"Temps estimat de lectura":"2 minuts"},"schema":{"@context":"https:\/\/schema.org","@graph":[{"@type":"WebPage","@id":"https:\/\/www.paubcn.com\/index.php\/portal-de-la-paz-de-barcelona\/","url":"https:\/\/www.paubcn.com\/index.php\/portal-de-la-paz-de-barcelona\/","name":"PORTAL DE LA PAZ - Barcelona ciudad referente mundial de la paz","isPartOf":{"@id":"https:\/\/www.paubcn.com\/#website"},"primaryImageOfPage":{"@id":"https:\/\/www.paubcn.com\/index.php\/portal-de-la-paz-de-barcelona\/#primaryimage"},"image":{"@id":"https:\/\/www.paubcn.com\/index.php\/portal-de-la-paz-de-barcelona\/#primaryimage"},"thumbnailUrl":"https:\/\/www.paubcn.com\/wp-content\/uploads\/2021\/01\/Portal-de-la-Pau-1024x617.jpeg","datePublished":"2020-11-10T12:34:10+00:00","dateModified":"2021-05-24T12:03:58+00:00","description":"El Portal de la Paz, es sin duda, una de las plazas m\u00e1s emblem\u00e1ticas de Barcelona, con la sede de la Autoridad Portuaria y otros edificios destacados","breadcrumb":{"@id":"https:\/\/www.paubcn.com\/index.php\/portal-de-la-paz-de-barcelona\/#breadcrumb"},"inLanguage":"ca","potentialAction":[{"@type":"ReadAction","target":["https:\/\/www.paubcn.com\/index.php\/portal-de-la-paz-de-barcelona\/"]}]},{"@type":"ImageObject","inLanguage":"ca","@id":"https:\/\/www.paubcn.com\/index.php\/portal-de-la-paz-de-barcelona\/#primaryimage","url":"https:\/\/www.paubcn.com\/wp-content\/uploads\/2021\/01\/Portal-de-la-Pau.jpeg","contentUrl":"https:\/\/www.paubcn.com\/wp-content\/uploads\/2021\/01\/Portal-de-la-Pau.jpeg","width":1380,"height":832},{"@type":"BreadcrumbList","@id":"https:\/\/www.paubcn.com\/index.php\/portal-de-la-paz-de-barcelona\/#breadcrumb","itemListElement":[{"@type":"ListItem","position":1,"name":"Home","item":"https:\/\/www.paubcn.com\/"},{"@type":"ListItem","position":2,"name":"PORTAL DE LA PAZ"}]},{"@type":"WebSite","@id":"https:\/\/www.paubcn.com\/#website","url":"https:\/\/www.paubcn.com\/","name":"Barcelona ciudad referente mundial de la paz","description":"","publisher":{"@id":"https:\/\/www.paubcn.com\/#organization"},"potentialAction":[{"@type":"SearchAction","target":{"@type":"EntryPoint","urlTemplate":"https:\/\/www.paubcn.com\/?s={search_term_string}"},"query-input":{"@type":"PropertyValueSpecification","valueRequired":true,"valueName":"search_term_string"}}],"inLanguage":"ca"},{"@type":"Organization","@id":"https:\/\/www.paubcn.com\/#organization","name":"Barcelona ciudad referente mundial de la paz","url":"https:\/\/www.paubcn.com\/","logo":{"@type":"ImageObject","inLanguage":"ca","@id":"https:\/\/www.paubcn.com\/#\/schema\/logo\/image\/","url":"https:\/\/www.paubcn.com\/wp-content\/uploads\/2020\/11\/cropped-O_gris.png","contentUrl":"https:\/\/www.paubcn.com\/wp-content\/uploads\/2020\/11\/cropped-O_gris.png","width":1345,"height":310,"caption":"Barcelona ciudad referente mundial de la paz"},"image":{"@id":"https:\/\/www.paubcn.com\/#\/schema\/logo\/image\/"}}]}},"_links":{"self":[{"href":"https:\/\/www.paubcn.com\/index.php\/wp-json\/wp\/v2\/pages\/237","targetHints":{"allow":["GET"]}}],"collection":[{"href":"https:\/\/www.paubcn.com\/index.php\/wp-json\/wp\/v2\/pages"}],"about":[{"href":"https:\/\/www.paubcn.com\/index.php\/wp-json\/wp\/v2\/types\/page"}],"author":[{"embeddable":true,"href":"https:\/\/www.paubcn.com\/index.php\/wp-json\/wp\/v2\/users\/1"}],"replies":[{"embeddable":true,"href":"https:\/\/www.paubcn.com\/index.php\/wp-json\/wp\/v2\/comments?post=237"}],"version-history":[{"count":23,"href":"https:\/\/www.paubcn.com\/index.php\/wp-json\/wp\/v2\/pages\/237\/revisions"}],"predecessor-version":[{"id":1475,"href":"https:\/\/www.paubcn.com\/index.php\/wp-json\/wp\/v2\/pages\/237\/revisions\/1475"}],"wp:attachment":[{"href":"https:\/\/www.paubcn.com\/index.php\/wp-json\/wp\/v2\/media?parent=237"}],"curies":[{"name":"wp","href":"https:\/\/api.w.org\/{rel}","templated":true}]}}