{"id":36,"date":"2020-11-02T19:07:28","date_gmt":"2020-11-02T19:07:28","guid":{"rendered":"http:\/\/www.paubcn.com\/?page_id=36"},"modified":"2021-05-24T14:11:02","modified_gmt":"2021-05-24T14:11:02","slug":"propuesta-inspirada-en-los-paseos-de-la-fama-que-son-espacios-habitualmente-al-aire-libre","status":"publish","type":"page","link":"https:\/\/www.paubcn.com\/index.php\/propuesta-inspirada-en-los-paseos-de-la-fama-que-son-espacios-habitualmente-al-aire-libre\/","title":{"rendered":"PROPUESTA"},"content":{"rendered":"\n<div class=\"wp-block-cover alignwide has-parallax is-position-center-center\" style=\"background-image:url(http:\/\/www.paubcn.com\/wp-content\/uploads\/2020\/11\/barcelona-984035_1920.jpg);min-height:902px;aspect-ratio:unset;\"><div class=\"wp-block-cover__inner-container is-layout-flow wp-block-cover-is-layout-flow\">\n<p class=\"has-text-align-center has-text-color\" style=\"color:#f3e873;font-size:45px;line-height:1.1\"><strong>Barcelona<br>ciudad referente de la paz<\/strong><\/p>\n<\/div><\/div>\n\n\n\n<hr class=\"wp-block-separator\"\/>\n\n\n\n<p class=\"has-background-color has-accent-background-color has-text-color has-background has-large-font-size\">El <strong>Paseo-Camino de la Paz<\/strong> no se ha de entender \u00fanicamente como una propuesta de \u00e1mbito local, es una opci\u00f3n de futuro para la potenciaci\u00f3n de la paz, la uni\u00f3n y la fraternidad entre las ciudades. <\/p>\n\n\n\n<p class=\"has-text-align-left has-primary-color has-text-color\">La propuesta se ha inspirado en los <a rel=\"noreferrer noopener\" href=\"https:\/\/www.disfrutalosangeles.com\/paseo-fama\" target=\"_blank\">paseos de la fama<\/a>, que son espacios habitualmente al aire libre. <br>El <em><strong>Paseo-Camino de la Paz<\/strong><\/em> pretende que Barcelona se postule como ciudad candidata al Nobel de la Paz.<\/p>\n\n\n\n<div class=\"wp-block-cover alignwide has-background-dim-20 has-background-dim has-parallax is-position-center-center\" style=\"background-image:url(https:\/\/www.paubcn.com\/wp-content\/uploads\/2020\/11\/Alfred_Nobel_foto610x342.jpg);min-height:475px;aspect-ratio:unset;\"><div class=\"wp-block-cover__inner-container is-layout-flow wp-block-cover-is-layout-flow\">\n<p class=\"has-text-align-center has-text-color\" style=\"color:#f3e873;font-size:45px;line-height:1.1\"><strong>Premios Nobel<br>de la Paz<\/strong><\/p>\n<\/div><\/div>\n\n\n\n<p class=\"has-primary-color has-text-color\">As\u00ed mismo, la propuesta est\u00e1 orientada a potenciar las <a rel=\"noreferrer noopener\" href=\"https:\/\/www.barcelona.cat\/barcelonacultura\/ca\" target=\"_blank\">pol\u00edticas culturales de Barcelona<\/a>, en <strong>tres directrices de implementaci\u00f3n<\/strong>, utilizando el espacio p\u00fablico con la doble intenci\u00f3n de actividad recreativa y cultural-educacional, para hacer del <em>Paseo-Camino de la Paz<\/em> un espacio de <strong>participaci\u00f3n ciudadana<\/strong> que act\u00fae como embajador al exterior como referente mundial de la paz.<\/p>\n\n\n\n<h4 class=\"has-text-align-center has-background-color has-accent-background-color has-text-color has-background wp-block-heading\">LAS TRES DIRECTRICES DE IMPLEMENTACI\u00d3N<\/h4>\n\n\n\n<div class=\"wp-block-group\"><div class=\"wp-block-group__inner-container is-layout-flow wp-block-group-is-layout-flow\">\n<h2 class=\"has-text-align-center has-large-font-size wp-block-heading\"><span style=\"color:#ba0c49\" class=\"has-inline-color\">1<\/span><br>Portal de la Paz <\/h2>\n\n\n\n<div class=\"wp-block-image is-style-rounded\"><figure class=\"aligncenter size-large\"><img loading=\"lazy\" decoding=\"async\" width=\"1024\" height=\"650\" src=\"https:\/\/www.paubcn.com\/wp-content\/uploads\/2020\/11\/Portal_de_la_Pau-2-1024x650.jpeg\" alt=\"Edificio Portal de la Pau de Barcelona\" class=\"wp-image-429\" srcset=\"https:\/\/www.paubcn.com\/wp-content\/uploads\/2020\/11\/Portal_de_la_Pau-2-1024x650.jpeg 1024w, https:\/\/www.paubcn.com\/wp-content\/uploads\/2020\/11\/Portal_de_la_Pau-2-300x190.jpeg 300w, https:\/\/www.paubcn.com\/wp-content\/uploads\/2020\/11\/Portal_de_la_Pau-2-768x487.jpeg 768w, https:\/\/www.paubcn.com\/wp-content\/uploads\/2020\/11\/Portal_de_la_Pau-2-1200x761.jpeg 1200w, https:\/\/www.paubcn.com\/wp-content\/uploads\/2020\/11\/Portal_de_la_Pau-2.jpeg 1494w\" sizes=\"auto, (max-width: 1024px) 100vw, 1024px\" \/><\/figure><\/div>\n\n\n\n<p><strong>El 19 de Noviembre de 1850<\/strong> se abri\u00f3 en la muralla, delante del mar de Barcelona, una nueva puerta para comunicar el embarcadero del actual muelle de Atarazanas con el interior de la ciudad.<\/p>\n\n\n\n<p>Ese proyecto de apertura y urbanizaci\u00f3n fue encargado al arquitecto <strong>Sim\u00f3 Ferr\u00e9<\/strong>, y una l\u00e1pida de m\u00e1rmol, instalada despu\u00e9s, hac\u00eda referencia a la paz que el marqu\u00e9s del Duero, <strong>Manuel Guti\u00e9rrez de la Concha<\/strong> (Capit\u00e1n general de Catalu\u00f1a) consigui\u00f3 en 1849 en la segunda guerra carlina o <em>&#8220;<a rel=\"noreferrer noopener\" href=\"https:\/\/es.wikipedia.org\/wiki\/Segunda_guerra_carlista\" target=\"_blank\">guerra dels matiners&#8221;<\/a><\/em>.<\/p>\n\n\n\n<p>El Portal de la Paz es sin duda, una de las plazas m\u00e1s emblem\u00e1ticas de Barcelona, con la sede de la Autoridad Portuaria y otros edificios destacados como el Gobierno Militar, la Comandancia de Marina y las antiguas <a href=\"https:\/\/www.mmb.cat\/?gclid=EAIaIQobChMI3bScgryb7gIVRu3tCh0TGQWGEAAYASAAEgIQI_D_BwE\" target=\"_blank\" rel=\"noreferrer noopener\">Atarazanas<\/a>.<\/p>\n<\/div><\/div>\n\n\n\n<div class=\"wp-block-buttons is-layout-flex wp-block-buttons-is-layout-flex\">\n<div class=\"wp-block-button\"><a class=\"wp-block-button__link\" href=\"https:\/\/www.paubcn.com\/index.php\/portal-de-la-paz-de-barcelona\/\">leer m\u00e1s&#8230;<\/a><\/div>\n<\/div>\n\n\n\n<hr class=\"wp-block-separator\"\/>\n\n\n\n<div class=\"wp-block-group\"><div class=\"wp-block-group__inner-container is-layout-flow wp-block-group-is-layout-flow\">\n<h2 class=\"has-text-align-center has-large-font-size wp-block-heading\"><span style=\"color:#ba0c49\" class=\"has-inline-color\"><strong>2<\/strong><\/span><br>Paseo-Camino de la Paz <\/h2>\n\n\n\n<div class=\"wp-block-image is-style-rounded\"><figure class=\"aligncenter size-large\"><img loading=\"lazy\" decoding=\"async\" width=\"1024\" height=\"730\" src=\"https:\/\/www.paubcn.com\/wp-content\/uploads\/2020\/11\/Mapa_Passeig_Cami-1-1024x730.jpeg\" alt=\"Propuesta Paseo Camino de la Paz de Barcelona\" class=\"wp-image-433\" srcset=\"https:\/\/www.paubcn.com\/wp-content\/uploads\/2020\/11\/Mapa_Passeig_Cami-1-1024x730.jpeg 1024w, https:\/\/www.paubcn.com\/wp-content\/uploads\/2020\/11\/Mapa_Passeig_Cami-1-300x214.jpeg 300w, https:\/\/www.paubcn.com\/wp-content\/uploads\/2020\/11\/Mapa_Passeig_Cami-1-768x547.jpeg 768w, https:\/\/www.paubcn.com\/wp-content\/uploads\/2020\/11\/Mapa_Passeig_Cami-1-1536x1094.jpeg 1536w, https:\/\/www.paubcn.com\/wp-content\/uploads\/2020\/11\/Mapa_Passeig_Cami-1-2048x1459.jpeg 2048w, https:\/\/www.paubcn.com\/wp-content\/uploads\/2020\/11\/Mapa_Passeig_Cami-1-1200x855.jpeg 1200w, https:\/\/www.paubcn.com\/wp-content\/uploads\/2020\/11\/Mapa_Passeig_Cami-1-1980x1411.jpeg 1980w\" sizes=\"auto, (max-width: 1024px) 100vw, 1024px\" \/><\/figure><\/div>\n\n\n\n<p class=\"has-primary-color has-text-color\"><strong>El Paseo Camino de la Paz<\/strong> pretende que Barcelona y los municipios costeros miren directamente a los Nobel de la Paz y al Mediterr\u00e1neo. <br>El recorrido por los 120 a\u00f1os que conforman los Nobel de la Paz desde su creaci\u00f3n (visualizable en 120 puntos de consulta interactiva), recordar\u00e1n a todos y cada uno de los premiados. <br><br>El itinerario del Paseo-Camino de la Paz incluir\u00e1 tambi\u00e9n aquellos a\u00f1os en que no se otorgaron los <a rel=\"noreferrer noopener\" href=\"https:\/\/ca.wikipedia.org\/wiki\/Llista_de_guardonats_amb_el_Premi_Nobel_de_la_Pau\" target=\"_blank\">Nobel de la Paz<\/a>.<\/p>\n\n\n\n<p>As\u00ed mismo, al encontrarse durante el trayecto con los puntos de consulta desde 1914 a 1918 y de 1939 a 1943, coincidentes con la primera y la segunda guerra mundial respectivamente, nos har\u00e1n reflexionar sobre la importancia de trabajar constantemente la <em>&#8220;cadena de paz&#8221;<\/em> y la importancia de <em>&#8220;no romper el camino&#8221;<\/em>.<\/p>\n\n\n\n<p class=\"has-subtle-background-background-color has-background\">Ver los puntos de consulta interactivos, indicando el a\u00f1o sin ning\u00fan premiado, har\u00e1 reflexionar sobre el motivo de su ausencia.<\/p>\n\n\n\n<div class=\"wp-block-buttons is-layout-flex wp-block-buttons-is-layout-flex\">\n<div class=\"wp-block-button\"><a class=\"wp-block-button__link\" href=\"https:\/\/www.paubcn.com\/index.php\/propuesta-del-paseo-camino-de-la-paz\/\">leer m\u00e1s&#8230;<\/a><\/div>\n<\/div>\n\n\n\n<hr class=\"wp-block-separator\"\/>\n<\/div><\/div>\n\n\n\n<div class=\"wp-block-group\"><div class=\"wp-block-group__inner-container is-layout-flow wp-block-group-is-layout-flow\">\n<h2 class=\"has-text-align-center has-large-font-size wp-block-heading\"><span style=\"color:#ba0c49\" class=\"has-inline-color\">3<\/span><br>Museo Memorial de la Paz <\/h2>\n\n\n\n<div class=\"wp-block-image is-style-rounded\"><figure class=\"aligncenter size-large\"><img loading=\"lazy\" decoding=\"async\" width=\"1023\" height=\"685\" src=\"https:\/\/www.paubcn.com\/wp-content\/uploads\/2020\/11\/tres-xemeneis-3-1.jpg\" alt=\"Edificio Tres Chimeneas\" class=\"wp-image-435\" srcset=\"https:\/\/www.paubcn.com\/wp-content\/uploads\/2020\/11\/tres-xemeneis-3-1.jpg 1023w, https:\/\/www.paubcn.com\/wp-content\/uploads\/2020\/11\/tres-xemeneis-3-1-300x201.jpg 300w, https:\/\/www.paubcn.com\/wp-content\/uploads\/2020\/11\/tres-xemeneis-3-1-768x514.jpg 768w\" sizes=\"auto, (max-width: 1023px) 100vw, 1023px\" \/><\/figure><\/div>\n\n\n\n<p>El Museo Memorial de la Paz <em>&#8220;<strong><a href=\"https:\/\/www.paubcn.com\/index.php\/el-museo-memorial-de-la-paz-devendra-una-plataforma-para-las-relaciones\/\" target=\"_blank\" rel=\"noreferrer noopener\">Peacekeepers Museum y Centro de Estudios de la Paz<\/a><\/strong>&#8220;<\/em> pretende potenciar un impulso cultural y econ\u00f3mico para el entorno urbano, con el objetivo de convertirse en una gran plataforma para las relaciones internacionales estrat\u00e9gicas vinculadas con la paz.<\/p>\n\n\n\n<p>Ello permitir\u00e1 poder disponer del primer y \u00fanico Museo-Memorial <strong>destinado al Personal de la Paz<\/strong> de las Naciones unidas y <strong>personal de las ONG<\/strong> que han entregado su vida por la paz.<\/p>\n\n\n\n<p class=\"has-text-align-left has-subtle-background-background-color has-background\"><em>&#8220;&#8230; que el bien siga creciendo en el mundo depende en parte de actos sin historia, y que las cosas no sean tan malas para t\u00ed y para m\u00ed como pudieran haber sido, se debe en parte a los muchos que vivieron fidelmente una vida oculta y descansan en tumbas que nadie visita.&#8221;<\/em><br><br><em>-Mary Ann Evans (George Eliot) &#8211; Middlemarch-<\/em><\/p>\n\n\n\n<div class=\"wp-block-buttons is-layout-flex wp-block-buttons-is-layout-flex\">\n<div class=\"wp-block-button\"><a class=\"wp-block-button__link\" href=\"https:\/\/www.paubcn.com\/index.php\/viajando-a-nuestro-interior\/\">lEer m\u00e1s&#8230;<\/a><\/div>\n<\/div>\n\n\n\n<hr class=\"wp-block-separator\"\/>\n<\/div><\/div>\n\n\n\n<p><\/p>\n","protected":false},"excerpt":{"rendered":"<p>El Paseo-Camino de la Paz no se ha de entender \u00fanicamente como una propuesta de \u00e1mbito local, es una opci\u00f3n de futuro para la potenciaci\u00f3n de la paz, la uni\u00f3n y la fraternidad entre las ciudades. La propuesta se ha inspirado en los paseos de la fama, que son espacios habitualmente al aire libre. El [&hellip;]<\/p>\n","protected":false},"author":1,"featured_media":0,"parent":0,"menu_order":0,"comment_status":"closed","ping_status":"closed","template":"templates\/template-full-width.php","meta":{"_monsterinsights_skip_tracking":false,"_monsterinsights_sitenote_active":false,"_monsterinsights_sitenote_note":"","_monsterinsights_sitenote_category":0,"footnotes":""},"class_list":["post-36","page","type-page","status-publish","hentry"],"yoast_head":"<!-- This site is optimized with the Yoast SEO plugin v27.4 - https:\/\/yoast.com\/product\/yoast-seo-wordpress\/ -->\n<title>PROPUESTA - Barcelona ciudad referente mundial de la paz<\/title>\n<meta name=\"description\" content=\"Inspirada en los paseos de la fama, que son espacios habitualmente al aire libre, pretende que Barcelona se postule como ciudad candidata\" \/>\n<meta name=\"robots\" content=\"index, follow, max-snippet:-1, max-image-preview:large, max-video-preview:-1\" \/>\n<link rel=\"canonical\" href=\"https:\/\/www.paubcn.com\/index.php\/propuesta-inspirada-en-los-paseos-de-la-fama-que-son-espacios-habitualmente-al-aire-libre\/\" \/>\n<meta property=\"og:locale\" content=\"ca_ES\" \/>\n<meta property=\"og:type\" content=\"article\" \/>\n<meta property=\"og:title\" content=\"PROPUESTA - Barcelona ciudad referente mundial de la paz\" \/>\n<meta property=\"og:description\" content=\"Inspirada en los paseos de la fama, que son espacios habitualmente al aire libre, pretende que Barcelona se postule como ciudad candidata\" \/>\n<meta property=\"og:url\" content=\"https:\/\/www.paubcn.com\/index.php\/propuesta-inspirada-en-los-paseos-de-la-fama-que-son-espacios-habitualmente-al-aire-libre\/\" \/>\n<meta property=\"og:site_name\" content=\"Barcelona ciudad referente mundial de la paz\" \/>\n<meta property=\"article:modified_time\" content=\"2021-05-24T14:11:02+00:00\" \/>\n<meta property=\"og:image\" content=\"https:\/\/www.paubcn.com\/wp-content\/uploads\/2020\/11\/Portal_de_la_Pau-2-1024x650.jpeg\" \/>\n<meta name=\"twitter:card\" content=\"summary_large_image\" \/>\n<meta name=\"twitter:label1\" content=\"Temps estimat de lectura\" \/>\n\t<meta name=\"twitter:data1\" content=\"4 minuts\" \/>\n<script type=\"application\/ld+json\" class=\"yoast-schema-graph\">{\"@context\":\"https:\\\/\\\/schema.org\",\"@graph\":[{\"@type\":\"WebPage\",\"@id\":\"https:\\\/\\\/www.paubcn.com\\\/index.php\\\/propuesta-inspirada-en-los-paseos-de-la-fama-que-son-espacios-habitualmente-al-aire-libre\\\/\",\"url\":\"https:\\\/\\\/www.paubcn.com\\\/index.php\\\/propuesta-inspirada-en-los-paseos-de-la-fama-que-son-espacios-habitualmente-al-aire-libre\\\/\",\"name\":\"PROPUESTA - Barcelona ciudad referente mundial de la paz\",\"isPartOf\":{\"@id\":\"https:\\\/\\\/www.paubcn.com\\\/#website\"},\"primaryImageOfPage\":{\"@id\":\"https:\\\/\\\/www.paubcn.com\\\/index.php\\\/propuesta-inspirada-en-los-paseos-de-la-fama-que-son-espacios-habitualmente-al-aire-libre\\\/#primaryimage\"},\"image\":{\"@id\":\"https:\\\/\\\/www.paubcn.com\\\/index.php\\\/propuesta-inspirada-en-los-paseos-de-la-fama-que-son-espacios-habitualmente-al-aire-libre\\\/#primaryimage\"},\"thumbnailUrl\":\"https:\\\/\\\/www.paubcn.com\\\/wp-content\\\/uploads\\\/2020\\\/11\\\/Portal_de_la_Pau-2-1024x650.jpeg\",\"datePublished\":\"2020-11-02T19:07:28+00:00\",\"dateModified\":\"2021-05-24T14:11:02+00:00\",\"description\":\"Inspirada en los paseos de la fama, que son espacios habitualmente al aire libre, pretende que Barcelona se postule como ciudad candidata\",\"breadcrumb\":{\"@id\":\"https:\\\/\\\/www.paubcn.com\\\/index.php\\\/propuesta-inspirada-en-los-paseos-de-la-fama-que-son-espacios-habitualmente-al-aire-libre\\\/#breadcrumb\"},\"inLanguage\":\"ca\",\"potentialAction\":[{\"@type\":\"ReadAction\",\"target\":[\"https:\\\/\\\/www.paubcn.com\\\/index.php\\\/propuesta-inspirada-en-los-paseos-de-la-fama-que-son-espacios-habitualmente-al-aire-libre\\\/\"]}]},{\"@type\":\"ImageObject\",\"inLanguage\":\"ca\",\"@id\":\"https:\\\/\\\/www.paubcn.com\\\/index.php\\\/propuesta-inspirada-en-los-paseos-de-la-fama-que-son-espacios-habitualmente-al-aire-libre\\\/#primaryimage\",\"url\":\"https:\\\/\\\/www.paubcn.com\\\/wp-content\\\/uploads\\\/2020\\\/11\\\/Portal_de_la_Pau-2.jpeg\",\"contentUrl\":\"https:\\\/\\\/www.paubcn.com\\\/wp-content\\\/uploads\\\/2020\\\/11\\\/Portal_de_la_Pau-2.jpeg\",\"width\":1494,\"height\":948},{\"@type\":\"BreadcrumbList\",\"@id\":\"https:\\\/\\\/www.paubcn.com\\\/index.php\\\/propuesta-inspirada-en-los-paseos-de-la-fama-que-son-espacios-habitualmente-al-aire-libre\\\/#breadcrumb\",\"itemListElement\":[{\"@type\":\"ListItem\",\"position\":1,\"name\":\"Home\",\"item\":\"https:\\\/\\\/www.paubcn.com\\\/\"},{\"@type\":\"ListItem\",\"position\":2,\"name\":\"PROPUESTA\"}]},{\"@type\":\"WebSite\",\"@id\":\"https:\\\/\\\/www.paubcn.com\\\/#website\",\"url\":\"https:\\\/\\\/www.paubcn.com\\\/\",\"name\":\"Barcelona ciudad referente mundial de la paz\",\"description\":\"\",\"publisher\":{\"@id\":\"https:\\\/\\\/www.paubcn.com\\\/#organization\"},\"potentialAction\":[{\"@type\":\"SearchAction\",\"target\":{\"@type\":\"EntryPoint\",\"urlTemplate\":\"https:\\\/\\\/www.paubcn.com\\\/?s={search_term_string}\"},\"query-input\":{\"@type\":\"PropertyValueSpecification\",\"valueRequired\":true,\"valueName\":\"search_term_string\"}}],\"inLanguage\":\"ca\"},{\"@type\":\"Organization\",\"@id\":\"https:\\\/\\\/www.paubcn.com\\\/#organization\",\"name\":\"Barcelona ciudad referente mundial de la paz\",\"url\":\"https:\\\/\\\/www.paubcn.com\\\/\",\"logo\":{\"@type\":\"ImageObject\",\"inLanguage\":\"ca\",\"@id\":\"https:\\\/\\\/www.paubcn.com\\\/#\\\/schema\\\/logo\\\/image\\\/\",\"url\":\"https:\\\/\\\/www.paubcn.com\\\/wp-content\\\/uploads\\\/2020\\\/11\\\/cropped-O_gris.png\",\"contentUrl\":\"https:\\\/\\\/www.paubcn.com\\\/wp-content\\\/uploads\\\/2020\\\/11\\\/cropped-O_gris.png\",\"width\":1345,\"height\":310,\"caption\":\"Barcelona ciudad referente mundial de la paz\"},\"image\":{\"@id\":\"https:\\\/\\\/www.paubcn.com\\\/#\\\/schema\\\/logo\\\/image\\\/\"}}]}<\/script>\n<!-- \/ Yoast SEO plugin. -->","yoast_head_json":{"title":"PROPUESTA - Barcelona ciudad referente mundial de la paz","description":"Inspirada en los paseos de la fama, que son espacios habitualmente al aire libre, pretende que Barcelona se postule como ciudad candidata","robots":{"index":"index","follow":"follow","max-snippet":"max-snippet:-1","max-image-preview":"max-image-preview:large","max-video-preview":"max-video-preview:-1"},"canonical":"https:\/\/www.paubcn.com\/index.php\/propuesta-inspirada-en-los-paseos-de-la-fama-que-son-espacios-habitualmente-al-aire-libre\/","og_locale":"ca_ES","og_type":"article","og_title":"PROPUESTA - Barcelona ciudad referente mundial de la paz","og_description":"Inspirada en los paseos de la fama, que son espacios habitualmente al aire libre, pretende que Barcelona se postule como ciudad candidata","og_url":"https:\/\/www.paubcn.com\/index.php\/propuesta-inspirada-en-los-paseos-de-la-fama-que-son-espacios-habitualmente-al-aire-libre\/","og_site_name":"Barcelona ciudad referente mundial de la paz","article_modified_time":"2021-05-24T14:11:02+00:00","og_image":[{"url":"https:\/\/www.paubcn.com\/wp-content\/uploads\/2020\/11\/Portal_de_la_Pau-2-1024x650.jpeg","type":"","width":"","height":""}],"twitter_card":"summary_large_image","twitter_misc":{"Temps estimat de lectura":"4 minuts"},"schema":{"@context":"https:\/\/schema.org","@graph":[{"@type":"WebPage","@id":"https:\/\/www.paubcn.com\/index.php\/propuesta-inspirada-en-los-paseos-de-la-fama-que-son-espacios-habitualmente-al-aire-libre\/","url":"https:\/\/www.paubcn.com\/index.php\/propuesta-inspirada-en-los-paseos-de-la-fama-que-son-espacios-habitualmente-al-aire-libre\/","name":"PROPUESTA - Barcelona ciudad referente mundial de la paz","isPartOf":{"@id":"https:\/\/www.paubcn.com\/#website"},"primaryImageOfPage":{"@id":"https:\/\/www.paubcn.com\/index.php\/propuesta-inspirada-en-los-paseos-de-la-fama-que-son-espacios-habitualmente-al-aire-libre\/#primaryimage"},"image":{"@id":"https:\/\/www.paubcn.com\/index.php\/propuesta-inspirada-en-los-paseos-de-la-fama-que-son-espacios-habitualmente-al-aire-libre\/#primaryimage"},"thumbnailUrl":"https:\/\/www.paubcn.com\/wp-content\/uploads\/2020\/11\/Portal_de_la_Pau-2-1024x650.jpeg","datePublished":"2020-11-02T19:07:28+00:00","dateModified":"2021-05-24T14:11:02+00:00","description":"Inspirada en los paseos de la fama, que son espacios habitualmente al aire libre, pretende que Barcelona se postule como ciudad candidata","breadcrumb":{"@id":"https:\/\/www.paubcn.com\/index.php\/propuesta-inspirada-en-los-paseos-de-la-fama-que-son-espacios-habitualmente-al-aire-libre\/#breadcrumb"},"inLanguage":"ca","potentialAction":[{"@type":"ReadAction","target":["https:\/\/www.paubcn.com\/index.php\/propuesta-inspirada-en-los-paseos-de-la-fama-que-son-espacios-habitualmente-al-aire-libre\/"]}]},{"@type":"ImageObject","inLanguage":"ca","@id":"https:\/\/www.paubcn.com\/index.php\/propuesta-inspirada-en-los-paseos-de-la-fama-que-son-espacios-habitualmente-al-aire-libre\/#primaryimage","url":"https:\/\/www.paubcn.com\/wp-content\/uploads\/2020\/11\/Portal_de_la_Pau-2.jpeg","contentUrl":"https:\/\/www.paubcn.com\/wp-content\/uploads\/2020\/11\/Portal_de_la_Pau-2.jpeg","width":1494,"height":948},{"@type":"BreadcrumbList","@id":"https:\/\/www.paubcn.com\/index.php\/propuesta-inspirada-en-los-paseos-de-la-fama-que-son-espacios-habitualmente-al-aire-libre\/#breadcrumb","itemListElement":[{"@type":"ListItem","position":1,"name":"Home","item":"https:\/\/www.paubcn.com\/"},{"@type":"ListItem","position":2,"name":"PROPUESTA"}]},{"@type":"WebSite","@id":"https:\/\/www.paubcn.com\/#website","url":"https:\/\/www.paubcn.com\/","name":"Barcelona ciudad referente mundial de la paz","description":"","publisher":{"@id":"https:\/\/www.paubcn.com\/#organization"},"potentialAction":[{"@type":"SearchAction","target":{"@type":"EntryPoint","urlTemplate":"https:\/\/www.paubcn.com\/?s={search_term_string}"},"query-input":{"@type":"PropertyValueSpecification","valueRequired":true,"valueName":"search_term_string"}}],"inLanguage":"ca"},{"@type":"Organization","@id":"https:\/\/www.paubcn.com\/#organization","name":"Barcelona ciudad referente mundial de la paz","url":"https:\/\/www.paubcn.com\/","logo":{"@type":"ImageObject","inLanguage":"ca","@id":"https:\/\/www.paubcn.com\/#\/schema\/logo\/image\/","url":"https:\/\/www.paubcn.com\/wp-content\/uploads\/2020\/11\/cropped-O_gris.png","contentUrl":"https:\/\/www.paubcn.com\/wp-content\/uploads\/2020\/11\/cropped-O_gris.png","width":1345,"height":310,"caption":"Barcelona ciudad referente mundial de la paz"},"image":{"@id":"https:\/\/www.paubcn.com\/#\/schema\/logo\/image\/"}}]}},"_links":{"self":[{"href":"https:\/\/www.paubcn.com\/index.php\/wp-json\/wp\/v2\/pages\/36","targetHints":{"allow":["GET"]}}],"collection":[{"href":"https:\/\/www.paubcn.com\/index.php\/wp-json\/wp\/v2\/pages"}],"about":[{"href":"https:\/\/www.paubcn.com\/index.php\/wp-json\/wp\/v2\/types\/page"}],"author":[{"embeddable":true,"href":"https:\/\/www.paubcn.com\/index.php\/wp-json\/wp\/v2\/users\/1"}],"replies":[{"embeddable":true,"href":"https:\/\/www.paubcn.com\/index.php\/wp-json\/wp\/v2\/comments?post=36"}],"version-history":[{"count":108,"href":"https:\/\/www.paubcn.com\/index.php\/wp-json\/wp\/v2\/pages\/36\/revisions"}],"predecessor-version":[{"id":1495,"href":"https:\/\/www.paubcn.com\/index.php\/wp-json\/wp\/v2\/pages\/36\/revisions\/1495"}],"wp:attachment":[{"href":"https:\/\/www.paubcn.com\/index.php\/wp-json\/wp\/v2\/media?parent=36"}],"curies":[{"name":"wp","href":"https:\/\/api.w.org\/{rel}","templated":true}]}}