{"id":607,"date":"2021-05-19T17:00:00","date_gmt":"2021-05-19T17:00:00","guid":{"rendered":"https:\/\/www.paubcn.com\/index.php\/portal-copy\/"},"modified":"2021-05-24T12:10:02","modified_gmt":"2021-05-24T12:10:02","slug":"propuesta-del-paseo-camino-de-la-paz","status":"publish","type":"page","link":"https:\/\/www.paubcn.com\/index.php\/propuesta-del-paseo-camino-de-la-paz\/","title":{"rendered":"PASEO CAMINO DE LA PAZ"},"content":{"rendered":"\n<div class=\"wp-block-cover has-parallax\" style=\"background-image:url(https:\/\/www.paubcn.com\/wp-content\/uploads\/2020\/11\/Passeig_de_la_Pau_01.jpeg)\"><div class=\"wp-block-cover__inner-container is-layout-flow wp-block-cover-is-layout-flow\">\n<p class=\"has-text-align-center has-text-color\" style=\"color:#f3e873;font-size:35px\"><strong>Paseo-Camino de la Paz<\/strong><\/p>\n<\/div><\/div>\n\n\n\n<p>El proyecto del Paseo-Camino de la Paz de Barcelona est\u00e1 orientado a potenciar las pol\u00edticas culturales de la ciudad, utilizando el espacio p\u00fablico con una doble intenci\u00f3n de <strong>actividad recreativa y cultural<\/strong>, haciendo del Paseo y del Camino un espacio de participaci\u00f3n ciudadana que act\u00fae como embajador al exterior y de captaci\u00f3n de turismo con sensibilidad cultural.<\/p>\n\n\n\n<p>Este proyecto pretende que <a href=\"https:\/\/www.barcelona.cat\" target=\"_blank\" rel=\"noreferrer noopener\">Barcelona<\/a> y los municipios costeros miren directamente al Nobel de la Paz y al Mediterr\u00e1neo.<br>Inspirado en el paseo de la fama, que es un espacio habitualmente al aire libre, donde se rinden homenajes, generalmente a personalidades del cine, el teatro, la m\u00fasica o la televisi\u00f3n.<\/p>\n\n\n\n<p>El Paseo-Camino de la Paz propone un recorrido por los 120 a\u00f1os que conforman los <a href=\"https:\/\/ca.wikipedia.org\/wiki\/Llista_de_guardonats_amb_el_Premi_Nobel_de_la_Pau\" target=\"_blank\" rel=\"noreferrer noopener\">Nobel de la Paz<\/a> desde su creaci\u00f3n, ubicando 120 puntos de consulta que recordar\u00e1n a todos y cada uno de los premiados, incluyendo tambi\u00e9n aquellos a\u00f1os en los que no se libraron los premios Nobel de la Paz.<br>A diferencia de las placas conmemorativas que se colocan en el suelo del paseo de la fama, el proyecto propone la ubicaci\u00f3n de elementos de consulta con contenidos audiovisuales, que marcar\u00e1n el Paseo-Camino de la Paz y que podr\u00e1n incorporar iluminaci\u00f3n y geolocalizaci\u00f3n.<\/p>\n\n\n\n<blockquote class=\"wp-block-quote is-layout-flow wp-block-quote-is-layout-flow\"><p><em>Encontrarse durante el recorrido unos elementos de consulta interactivos, desde 1914 a 1918 y de 1939 a 1943, que coinciden con la primera y la segunda guerra mundial respectivamente, har\u00e1 reflexionar sobre la importancia de trabajar constantemente la \u201ccadena de la paz\u201d y de la necesidad de no \u201cromper el camino\u201d. El hecho de consultar contenidos en los periodos mencionados, pero sin ning\u00fan premiado, deber\u00e1 hacer reflexionar sobre el motivo. <\/em><\/p><\/blockquote>\n\n\n\n<div class=\"wp-block-cover has-parallax\" style=\"background-image:url(https:\/\/www.paubcn.com\/wp-content\/uploads\/2020\/11\/Barcelona_Casa_Mila-2.jpg)\"><div class=\"wp-block-cover__inner-container is-layout-flow wp-block-cover-is-layout-flow\">\n<p class=\"has-text-align-center has-text-color\" style=\"color:#f3e873;font-size:35px\"><strong>Elementos de consulta georeferenciados marcar\u00e1n el Paseo-Camino de la Paz<\/strong><\/p>\n<\/div><\/div>\n\n\n\n<p>El Paseo Camino de la Paz no se ha de entender \u00fanicamente como una propuesta a nivel local, es una opci\u00f3n de futuro para la potenciaci\u00f3n de la Paz, la Uni\u00f3n y la Fraternidad entre las ciudades.<\/p>\n\n\n\n<p class=\"has-text-align-center has-accent-color has-subtle-background-background-color has-text-color has-background\"><strong>El Paseo de la Paz<\/strong> de Barcelona <br>es el principio del Camino.<\/p>\n\n\n\n<div class=\"wp-block-image\"><figure class=\"aligncenter size-large\"><img loading=\"lazy\" decoding=\"async\" width=\"1024\" height=\"398\" src=\"https:\/\/www.paubcn.com\/wp-content\/uploads\/2020\/11\/Passeig_de_la_Pau_orto0-1024x398.jpeg\" alt=\"Propuesta del Paseo Camino de la Paz de Barcelona\" class=\"wp-image-624\" srcset=\"https:\/\/www.paubcn.com\/wp-content\/uploads\/2020\/11\/Passeig_de_la_Pau_orto0-1024x398.jpeg 1024w, https:\/\/www.paubcn.com\/wp-content\/uploads\/2020\/11\/Passeig_de_la_Pau_orto0-300x117.jpeg 300w, https:\/\/www.paubcn.com\/wp-content\/uploads\/2020\/11\/Passeig_de_la_Pau_orto0-768x299.jpeg 768w, https:\/\/www.paubcn.com\/wp-content\/uploads\/2020\/11\/Passeig_de_la_Pau_orto0-1536x597.jpeg 1536w, https:\/\/www.paubcn.com\/wp-content\/uploads\/2020\/11\/Passeig_de_la_Pau_orto0-2048x796.jpeg 2048w, https:\/\/www.paubcn.com\/wp-content\/uploads\/2020\/11\/Passeig_de_la_Pau_orto0-1200x466.jpeg 1200w, https:\/\/www.paubcn.com\/wp-content\/uploads\/2020\/11\/Passeig_de_la_Pau_orto0-1980x770.jpeg 1980w\" sizes=\"auto, (max-width: 1024px) 100vw, 1024px\" \/><\/figure><\/div>\n\n\n\n<p>El Paseo-Camino de la Paz, en Barcelona, se dedicar\u00e1 a todos los Nobel premiados durante el siglo XX que se incluir\u00e1n en el territorio de la ciudad, con el espacio F\u00f3rum como final del siglo XX, inici\u00e1ndose a su vez desde ese mismo punto, los Nobel premiados en el presente siglo XXI. <br><br>La organizaci\u00f3n de las Naciones Unidas y Kofi Annan, premios Nobel de la Paz del a\u00f1o 2001 ser\u00e1n el referente del final del Paseo de la Paz y el inicio del Camino fuera de Barcelona, dotando de ese modo de un fuerte contenido cultural internacional al espacio del F\u00f3rum de Barcelona.<\/p>\n\n\n\n<hr class=\"wp-block-separator\"\/>\n\n\n\n<p class=\"has-text-align-center has-accent-color has-subtle-background-background-color has-text-color has-background\"><strong>El Camino de la Paz<\/strong>,  la continuaci\u00f3n internacional de la propuesta.<\/p>\n\n\n\n<p class=\"has-drop-cap\">La idea de continuidad es b\u00e1sica para entender esta propuesta.<br>Recordando cada <strong>21 de Septiembre, el d\u00eda Mundial de la Paz<\/strong>, se abrir\u00edan totalmente las puertas del Portal de la Paz de Barcelona y se trasladar\u00eda el premio Nobel del a\u00f1o anterior hacia su ubicaci\u00f3n definitiva en el Camino, sobre el territorio correspondiente. De este modo, poco a poco, a\u00f1o tras a\u00f1o, el Paseo de Barcelona se ir\u00eda transformando en el Camino Universal de Paz.<\/p>\n\n\n\n<div class=\"wp-block-image\"><figure class=\"aligncenter size-large\"><img loading=\"lazy\" decoding=\"async\" width=\"1024\" height=\"719\" src=\"https:\/\/www.paubcn.com\/wp-content\/uploads\/2020\/11\/Cami-1024x719.jpeg\" alt=\"Propuesta del Paseo Camino de la Paz en el F\u00f3rum de Barcelona\" class=\"wp-image-636\" srcset=\"https:\/\/www.paubcn.com\/wp-content\/uploads\/2020\/11\/Cami-1024x719.jpeg 1024w, https:\/\/www.paubcn.com\/wp-content\/uploads\/2020\/11\/Cami-300x211.jpeg 300w, https:\/\/www.paubcn.com\/wp-content\/uploads\/2020\/11\/Cami-768x539.jpeg 768w, https:\/\/www.paubcn.com\/wp-content\/uploads\/2020\/11\/Cami-1536x1078.jpeg 1536w, https:\/\/www.paubcn.com\/wp-content\/uploads\/2020\/11\/Cami-2048x1437.jpeg 2048w, https:\/\/www.paubcn.com\/wp-content\/uploads\/2020\/11\/Cami-1200x842.jpeg 1200w, https:\/\/www.paubcn.com\/wp-content\/uploads\/2020\/11\/Cami-1980x1389.jpeg 1980w\" sizes=\"auto, (max-width: 1024px) 100vw, 1024px\" \/><\/figure><\/div>\n\n\n\n<p>Siendo la ense\u00f1anza un reflejo de la sociedad y, a su vez, el entorno privilegiado donde todos los ciudadanos y ciudadanas adquieren los conocimientos y h\u00e1bitos de socializaci\u00f3n y de relaci\u00f3n con los dem\u00e1s, la ense\u00f1anza tiene como uno de los objetivos b\u00e1sicos el de ense\u00f1ar y aprender a vivir y convivir; fomentando y liderando la convivencia, tanto en el interior de los centros educativos como en su entorno m\u00e1s inmediato.<\/p>\n\n\n\n<div class=\"wp-block-image\"><figure class=\"aligncenter size-large\"><img loading=\"lazy\" decoding=\"async\" width=\"663\" height=\"380\" src=\"https:\/\/www.paubcn.com\/wp-content\/uploads\/2020\/12\/Grup_Escolar.jpg\" alt=\"Grupo escolar en manifestaci\u00f3n\" class=\"wp-image-899\" srcset=\"https:\/\/www.paubcn.com\/wp-content\/uploads\/2020\/12\/Grup_Escolar.jpg 663w, https:\/\/www.paubcn.com\/wp-content\/uploads\/2020\/12\/Grup_Escolar-300x172.jpg 300w\" sizes=\"auto, (max-width: 663px) 100vw, 663px\" \/><\/figure><\/div>\n\n\n\n<p class=\"has-text-align-center has-subtle-background-background-color has-background\"><strong>La idoneidad de vincular la propuesta del Paseo Camino de la Paz con los CEIP de Barcelona resulta evidente<\/strong>. <\/p>\n\n\n\n<p>Tambi\u00e9n habr\u00e1 que estudiar un proyecto de sensibilizaci\u00f3n y participaci\u00f3n para promover la <strong>educaci\u00f3n de la cultura de paz<\/strong> en las escuelas de Barcelona en una primera fase, con la posibilidad futura de incluir el concurso de todos los centros de educaci\u00f3n primaria de Catalu\u00f1a.<\/p>\n\n\n\n<div class=\"wp-block-buttons is-layout-flex wp-block-buttons-is-layout-flex\">\n<div class=\"wp-block-button\"><a class=\"wp-block-button__link\" href=\"https:\/\/www.paubcn.com\/index.php\/el-museo-memorial-de-la-paz-devendra-una-plataforma-para-las-relaciones\/\">3. MUSEO MEMORIAL DE LA PAZ<\/a><\/div>\n<\/div>\n\n\n\n<hr class=\"wp-block-separator\"\/>\n","protected":false},"excerpt":{"rendered":"<p>El proyecto del Paseo-Camino de la Paz de Barcelona est\u00e1 orientado a potenciar las pol\u00edticas culturales de la ciudad, utilizando el espacio p\u00fablico con una doble intenci\u00f3n de actividad recreativa y cultural, haciendo del Paseo y del Camino un espacio de participaci\u00f3n ciudadana que act\u00fae como embajador al exterior y de captaci\u00f3n de turismo con [&hellip;]<\/p>\n","protected":false},"author":1,"featured_media":0,"parent":0,"menu_order":0,"comment_status":"closed","ping_status":"closed","template":"templates\/template-full-width.php","meta":{"_monsterinsights_skip_tracking":false,"_monsterinsights_sitenote_active":false,"_monsterinsights_sitenote_note":"","_monsterinsights_sitenote_category":0,"footnotes":""},"class_list":["post-607","page","type-page","status-publish","hentry"],"yoast_head":"<!-- This site is optimized with the Yoast SEO plugin v27.4 - https:\/\/yoast.com\/product\/yoast-seo-wordpress\/ -->\n<title>PASEO CAMINO DE LA PAZ - Barcelona ciudad referente mundial de la paz<\/title>\n<meta name=\"description\" content=\"La propuesta del Paseo Camino de la Paz de Barcelona propone un recorrido por los 120 a\u00f1os que conforman los Nobeles de la Paz...\" \/>\n<meta name=\"robots\" content=\"index, follow, max-snippet:-1, max-image-preview:large, max-video-preview:-1\" \/>\n<link rel=\"canonical\" href=\"https:\/\/www.paubcn.com\/index.php\/propuesta-del-paseo-camino-de-la-paz\/\" \/>\n<meta property=\"og:locale\" content=\"ca_ES\" \/>\n<meta property=\"og:type\" content=\"article\" \/>\n<meta property=\"og:title\" content=\"PASEO CAMINO DE LA PAZ - Barcelona ciudad referente mundial de la paz\" \/>\n<meta property=\"og:description\" content=\"La propuesta del Paseo Camino de la Paz de Barcelona propone un recorrido por los 120 a\u00f1os que conforman los Nobeles de la Paz...\" \/>\n<meta property=\"og:url\" content=\"https:\/\/www.paubcn.com\/index.php\/propuesta-del-paseo-camino-de-la-paz\/\" \/>\n<meta property=\"og:site_name\" content=\"Barcelona ciudad referente mundial de la paz\" \/>\n<meta property=\"article:modified_time\" content=\"2021-05-24T12:10:02+00:00\" \/>\n<meta property=\"og:image\" content=\"https:\/\/www.paubcn.com\/wp-content\/uploads\/2020\/11\/Passeig_de_la_Pau_orto0-1024x398.jpeg\" \/>\n<meta name=\"twitter:card\" content=\"summary_large_image\" \/>\n<meta name=\"twitter:label1\" content=\"Temps estimat de lectura\" \/>\n\t<meta name=\"twitter:data1\" content=\"4 minuts\" \/>\n<script type=\"application\/ld+json\" class=\"yoast-schema-graph\">{\"@context\":\"https:\\\/\\\/schema.org\",\"@graph\":[{\"@type\":\"WebPage\",\"@id\":\"https:\\\/\\\/www.paubcn.com\\\/index.php\\\/propuesta-del-paseo-camino-de-la-paz\\\/\",\"url\":\"https:\\\/\\\/www.paubcn.com\\\/index.php\\\/propuesta-del-paseo-camino-de-la-paz\\\/\",\"name\":\"PASEO CAMINO DE LA PAZ - Barcelona ciudad referente mundial de la paz\",\"isPartOf\":{\"@id\":\"https:\\\/\\\/www.paubcn.com\\\/#website\"},\"primaryImageOfPage\":{\"@id\":\"https:\\\/\\\/www.paubcn.com\\\/index.php\\\/propuesta-del-paseo-camino-de-la-paz\\\/#primaryimage\"},\"image\":{\"@id\":\"https:\\\/\\\/www.paubcn.com\\\/index.php\\\/propuesta-del-paseo-camino-de-la-paz\\\/#primaryimage\"},\"thumbnailUrl\":\"https:\\\/\\\/www.paubcn.com\\\/wp-content\\\/uploads\\\/2020\\\/11\\\/Passeig_de_la_Pau_orto0-1024x398.jpeg\",\"datePublished\":\"2021-05-19T17:00:00+00:00\",\"dateModified\":\"2021-05-24T12:10:02+00:00\",\"description\":\"La propuesta del Paseo Camino de la Paz de Barcelona propone un recorrido por los 120 a\u00f1os que conforman los Nobeles de la Paz...\",\"breadcrumb\":{\"@id\":\"https:\\\/\\\/www.paubcn.com\\\/index.php\\\/propuesta-del-paseo-camino-de-la-paz\\\/#breadcrumb\"},\"inLanguage\":\"ca\",\"potentialAction\":[{\"@type\":\"ReadAction\",\"target\":[\"https:\\\/\\\/www.paubcn.com\\\/index.php\\\/propuesta-del-paseo-camino-de-la-paz\\\/\"]}]},{\"@type\":\"ImageObject\",\"inLanguage\":\"ca\",\"@id\":\"https:\\\/\\\/www.paubcn.com\\\/index.php\\\/propuesta-del-paseo-camino-de-la-paz\\\/#primaryimage\",\"url\":\"https:\\\/\\\/www.paubcn.com\\\/wp-content\\\/uploads\\\/2020\\\/11\\\/Passeig_de_la_Pau_orto0-1024x398.jpeg\",\"contentUrl\":\"https:\\\/\\\/www.paubcn.com\\\/wp-content\\\/uploads\\\/2020\\\/11\\\/Passeig_de_la_Pau_orto0-1024x398.jpeg\"},{\"@type\":\"BreadcrumbList\",\"@id\":\"https:\\\/\\\/www.paubcn.com\\\/index.php\\\/propuesta-del-paseo-camino-de-la-paz\\\/#breadcrumb\",\"itemListElement\":[{\"@type\":\"ListItem\",\"position\":1,\"name\":\"Home\",\"item\":\"https:\\\/\\\/www.paubcn.com\\\/\"},{\"@type\":\"ListItem\",\"position\":2,\"name\":\"PASEO CAMINO DE LA PAZ\"}]},{\"@type\":\"WebSite\",\"@id\":\"https:\\\/\\\/www.paubcn.com\\\/#website\",\"url\":\"https:\\\/\\\/www.paubcn.com\\\/\",\"name\":\"Barcelona ciudad referente mundial de la paz\",\"description\":\"\",\"publisher\":{\"@id\":\"https:\\\/\\\/www.paubcn.com\\\/#organization\"},\"potentialAction\":[{\"@type\":\"SearchAction\",\"target\":{\"@type\":\"EntryPoint\",\"urlTemplate\":\"https:\\\/\\\/www.paubcn.com\\\/?s={search_term_string}\"},\"query-input\":{\"@type\":\"PropertyValueSpecification\",\"valueRequired\":true,\"valueName\":\"search_term_string\"}}],\"inLanguage\":\"ca\"},{\"@type\":\"Organization\",\"@id\":\"https:\\\/\\\/www.paubcn.com\\\/#organization\",\"name\":\"Barcelona ciudad referente mundial de la paz\",\"url\":\"https:\\\/\\\/www.paubcn.com\\\/\",\"logo\":{\"@type\":\"ImageObject\",\"inLanguage\":\"ca\",\"@id\":\"https:\\\/\\\/www.paubcn.com\\\/#\\\/schema\\\/logo\\\/image\\\/\",\"url\":\"https:\\\/\\\/www.paubcn.com\\\/wp-content\\\/uploads\\\/2020\\\/11\\\/cropped-O_gris.png\",\"contentUrl\":\"https:\\\/\\\/www.paubcn.com\\\/wp-content\\\/uploads\\\/2020\\\/11\\\/cropped-O_gris.png\",\"width\":1345,\"height\":310,\"caption\":\"Barcelona ciudad referente mundial de la paz\"},\"image\":{\"@id\":\"https:\\\/\\\/www.paubcn.com\\\/#\\\/schema\\\/logo\\\/image\\\/\"}}]}<\/script>\n<!-- \/ Yoast SEO plugin. -->","yoast_head_json":{"title":"PASEO CAMINO DE LA PAZ - Barcelona ciudad referente mundial de la paz","description":"La propuesta del Paseo Camino de la Paz de Barcelona propone un recorrido por los 120 a\u00f1os que conforman los Nobeles de la Paz...","robots":{"index":"index","follow":"follow","max-snippet":"max-snippet:-1","max-image-preview":"max-image-preview:large","max-video-preview":"max-video-preview:-1"},"canonical":"https:\/\/www.paubcn.com\/index.php\/propuesta-del-paseo-camino-de-la-paz\/","og_locale":"ca_ES","og_type":"article","og_title":"PASEO CAMINO DE LA PAZ - Barcelona ciudad referente mundial de la paz","og_description":"La propuesta del Paseo Camino de la Paz de Barcelona propone un recorrido por los 120 a\u00f1os que conforman los Nobeles de la Paz...","og_url":"https:\/\/www.paubcn.com\/index.php\/propuesta-del-paseo-camino-de-la-paz\/","og_site_name":"Barcelona ciudad referente mundial de la paz","article_modified_time":"2021-05-24T12:10:02+00:00","og_image":[{"url":"https:\/\/www.paubcn.com\/wp-content\/uploads\/2020\/11\/Passeig_de_la_Pau_orto0-1024x398.jpeg","type":"","width":"","height":""}],"twitter_card":"summary_large_image","twitter_misc":{"Temps estimat de lectura":"4 minuts"},"schema":{"@context":"https:\/\/schema.org","@graph":[{"@type":"WebPage","@id":"https:\/\/www.paubcn.com\/index.php\/propuesta-del-paseo-camino-de-la-paz\/","url":"https:\/\/www.paubcn.com\/index.php\/propuesta-del-paseo-camino-de-la-paz\/","name":"PASEO CAMINO DE LA PAZ - Barcelona ciudad referente mundial de la paz","isPartOf":{"@id":"https:\/\/www.paubcn.com\/#website"},"primaryImageOfPage":{"@id":"https:\/\/www.paubcn.com\/index.php\/propuesta-del-paseo-camino-de-la-paz\/#primaryimage"},"image":{"@id":"https:\/\/www.paubcn.com\/index.php\/propuesta-del-paseo-camino-de-la-paz\/#primaryimage"},"thumbnailUrl":"https:\/\/www.paubcn.com\/wp-content\/uploads\/2020\/11\/Passeig_de_la_Pau_orto0-1024x398.jpeg","datePublished":"2021-05-19T17:00:00+00:00","dateModified":"2021-05-24T12:10:02+00:00","description":"La propuesta del Paseo Camino de la Paz de Barcelona propone un recorrido por los 120 a\u00f1os que conforman los Nobeles de la Paz...","breadcrumb":{"@id":"https:\/\/www.paubcn.com\/index.php\/propuesta-del-paseo-camino-de-la-paz\/#breadcrumb"},"inLanguage":"ca","potentialAction":[{"@type":"ReadAction","target":["https:\/\/www.paubcn.com\/index.php\/propuesta-del-paseo-camino-de-la-paz\/"]}]},{"@type":"ImageObject","inLanguage":"ca","@id":"https:\/\/www.paubcn.com\/index.php\/propuesta-del-paseo-camino-de-la-paz\/#primaryimage","url":"https:\/\/www.paubcn.com\/wp-content\/uploads\/2020\/11\/Passeig_de_la_Pau_orto0-1024x398.jpeg","contentUrl":"https:\/\/www.paubcn.com\/wp-content\/uploads\/2020\/11\/Passeig_de_la_Pau_orto0-1024x398.jpeg"},{"@type":"BreadcrumbList","@id":"https:\/\/www.paubcn.com\/index.php\/propuesta-del-paseo-camino-de-la-paz\/#breadcrumb","itemListElement":[{"@type":"ListItem","position":1,"name":"Home","item":"https:\/\/www.paubcn.com\/"},{"@type":"ListItem","position":2,"name":"PASEO CAMINO DE LA PAZ"}]},{"@type":"WebSite","@id":"https:\/\/www.paubcn.com\/#website","url":"https:\/\/www.paubcn.com\/","name":"Barcelona ciudad referente mundial de la paz","description":"","publisher":{"@id":"https:\/\/www.paubcn.com\/#organization"},"potentialAction":[{"@type":"SearchAction","target":{"@type":"EntryPoint","urlTemplate":"https:\/\/www.paubcn.com\/?s={search_term_string}"},"query-input":{"@type":"PropertyValueSpecification","valueRequired":true,"valueName":"search_term_string"}}],"inLanguage":"ca"},{"@type":"Organization","@id":"https:\/\/www.paubcn.com\/#organization","name":"Barcelona ciudad referente mundial de la paz","url":"https:\/\/www.paubcn.com\/","logo":{"@type":"ImageObject","inLanguage":"ca","@id":"https:\/\/www.paubcn.com\/#\/schema\/logo\/image\/","url":"https:\/\/www.paubcn.com\/wp-content\/uploads\/2020\/11\/cropped-O_gris.png","contentUrl":"https:\/\/www.paubcn.com\/wp-content\/uploads\/2020\/11\/cropped-O_gris.png","width":1345,"height":310,"caption":"Barcelona ciudad referente mundial de la paz"},"image":{"@id":"https:\/\/www.paubcn.com\/#\/schema\/logo\/image\/"}}]}},"_links":{"self":[{"href":"https:\/\/www.paubcn.com\/index.php\/wp-json\/wp\/v2\/pages\/607","targetHints":{"allow":["GET"]}}],"collection":[{"href":"https:\/\/www.paubcn.com\/index.php\/wp-json\/wp\/v2\/pages"}],"about":[{"href":"https:\/\/www.paubcn.com\/index.php\/wp-json\/wp\/v2\/types\/page"}],"author":[{"embeddable":true,"href":"https:\/\/www.paubcn.com\/index.php\/wp-json\/wp\/v2\/users\/1"}],"replies":[{"embeddable":true,"href":"https:\/\/www.paubcn.com\/index.php\/wp-json\/wp\/v2\/comments?post=607"}],"version-history":[{"count":31,"href":"https:\/\/www.paubcn.com\/index.php\/wp-json\/wp\/v2\/pages\/607\/revisions"}],"predecessor-version":[{"id":1479,"href":"https:\/\/www.paubcn.com\/index.php\/wp-json\/wp\/v2\/pages\/607\/revisions\/1479"}],"wp:attachment":[{"href":"https:\/\/www.paubcn.com\/index.php\/wp-json\/wp\/v2\/media?parent=607"}],"curies":[{"name":"wp","href":"https:\/\/api.w.org\/{rel}","templated":true}]}}