{"id":630,"date":"2020-11-18T12:10:26","date_gmt":"2020-11-18T12:10:26","guid":{"rendered":"https:\/\/www.paubcn.com\/index.php\/equipo-copy\/"},"modified":"2021-05-24T12:18:22","modified_gmt":"2021-05-24T12:18:22","slug":"viajando-a-nuestro-interior","status":"publish","type":"page","link":"https:\/\/www.paubcn.com\/index.php\/viajando-a-nuestro-interior\/","title":{"rendered":"ARTE Y PAZ"},"content":{"rendered":"\n<p class=\"has-text-align-center has-background-color has-accent-background-color has-text-color has-background\" style=\"font-size:30px\">VIAJANDO A NUESTRO INTERIOR<\/p>\n\n\n\n<p class=\"has-drop-cap\">El <strong>Paseo-Camino de la Paz<\/strong> ha de ser tambi\u00e9n una invitaci\u00f3n a la reflexi\u00f3n, un espacio donde se produzca un viaje a nuestro interior, a nuestra conciencia como persona y como colectivo. Es por este motivo, que animamos a las administraciones municipales a formar parte de este recorrido y a ser parte activa del mismo.<\/p>\n\n\n\n<figure class=\"wp-block-gallery columns-2 is-cropped wp-block-gallery-1 is-layout-flex wp-block-gallery-is-layout-flex\"><ul class=\"blocks-gallery-grid\"><li class=\"blocks-gallery-item\"><figure><img loading=\"lazy\" decoding=\"async\" width=\"1024\" height=\"720\" src=\"https:\/\/www.paubcn.com\/wp-content\/uploads\/2020\/11\/Marcador_1-1-1024x720.jpeg\" alt=\"\" data-id=\"673\" data-full-url=\"https:\/\/www.paubcn.com\/wp-content\/uploads\/2020\/11\/Marcador_1-1.jpeg\" data-link=\"https:\/\/www.paubcn.com\/index.php\/arte\/marcador_1-1\/\" class=\"wp-image-673\" srcset=\"https:\/\/www.paubcn.com\/wp-content\/uploads\/2020\/11\/Marcador_1-1-1024x720.jpeg 1024w, https:\/\/www.paubcn.com\/wp-content\/uploads\/2020\/11\/Marcador_1-1-300x211.jpeg 300w, https:\/\/www.paubcn.com\/wp-content\/uploads\/2020\/11\/Marcador_1-1-768x540.jpeg 768w, https:\/\/www.paubcn.com\/wp-content\/uploads\/2020\/11\/Marcador_1-1-1200x843.jpeg 1200w, https:\/\/www.paubcn.com\/wp-content\/uploads\/2020\/11\/Marcador_1-1.jpeg 1204w\" sizes=\"auto, (max-width: 1024px) 100vw, 1024px\" \/><\/figure><\/li><li class=\"blocks-gallery-item\"><figure><img loading=\"lazy\" decoding=\"async\" width=\"1024\" height=\"720\" src=\"https:\/\/www.paubcn.com\/wp-content\/uploads\/2020\/11\/Marcador_2-1024x720.jpeg\" alt=\"\" data-id=\"674\" data-full-url=\"https:\/\/www.paubcn.com\/wp-content\/uploads\/2020\/11\/Marcador_2.jpeg\" data-link=\"https:\/\/www.paubcn.com\/index.php\/arte\/marcador_2\/\" class=\"wp-image-674\" srcset=\"https:\/\/www.paubcn.com\/wp-content\/uploads\/2020\/11\/Marcador_2-1024x720.jpeg 1024w, https:\/\/www.paubcn.com\/wp-content\/uploads\/2020\/11\/Marcador_2-300x211.jpeg 300w, https:\/\/www.paubcn.com\/wp-content\/uploads\/2020\/11\/Marcador_2-768x540.jpeg 768w, https:\/\/www.paubcn.com\/wp-content\/uploads\/2020\/11\/Marcador_2-1200x844.jpeg 1200w, https:\/\/www.paubcn.com\/wp-content\/uploads\/2020\/11\/Marcador_2.jpeg 1206w\" sizes=\"auto, (max-width: 1024px) 100vw, 1024px\" \/><\/figure><\/li><\/ul><figcaption class=\"blocks-gallery-caption\"><em><strong>\u201cEl Contador de la Verg\u00fcenza<\/strong>\u201d<\/em>, situado en el barrio de la Barcelon<em>eta,<\/em> es un referente vinculado a los <em>Derechos Humanos <\/em>en la ciudad de Barcelona.<\/figcaption><\/figure>\n\n\n\n<p>El <strong>Contador de la Verg\u00fcenza<\/strong> se puso en marcha en Julio de 2016, en un acto de inauguraci\u00f3n del memorial bautizado con el nombre de <strong><a href=\"https:\/\/ciutatrefugi.barcelona\/ca\/memorial\" target=\"_blank\" rel=\"noreferrer noopener\">&#8220;Som i Serem Ciutat Refugi&#8221;<\/a><\/strong> y que recoge el manifiesto de Barcelona como Ciudad Acogedora.<\/p>\n\n\n\n<p>Este contador, situado en el paseo Mar\u00edtimo de la Barceloneta, confluencia con la calle Almirall Aixada, es un elemento vertical que indica el n\u00famero de personas que han muerto o desaparecido en el Mediterr\u00e1neo desde el inicio del a\u00f1o en curso, seg\u00fan el recuento del proyecto de <em>\u201c<a href=\"https:\/\/missingmigrants.iom.int\" target=\"_blank\" rel=\"noreferrer noopener\">Missing Migrants Project<\/a>\u201d<\/em>, de la <a href=\"https:\/\/gmdac.iom.int\/missing-migrants-project-0\" target=\"_blank\" rel=\"noreferrer noopener\">Organizaci\u00f3n Internacional de las Migraciones<\/a> (OIM).<\/p>\n\n\n\n<p>El Contador de la Verg\u00fcenza, vuelve a cero, el dia 1 de Enero de cada a\u00f1o para iniciar un nuevo recuento, que de no tomar conciencia y actuar, parece no tener fin.<\/p>\n\n\n\n<blockquote class=\"wp-block-quote is-layout-flow wp-block-quote-is-layout-flow\"><p><em>pero no es s\u00f3lo un n\u00famero, son personas, an\u00f3nimas para la gran mayor\u00eda de la gente, excepto para sus fam\u00edlias&#8230;<\/em><\/p><\/blockquote>\n\n\n\n<p class=\"has-drop-cap has-subtle-background-background-color has-background\">El Mediterr\u00e1neo, punto de encuentro de culturas y civilizaciones, se ha convertido, hoy, en una enorme fosa com\u00fan para miles de personas sin refugio que buscaban protecci\u00f3n.<br>No sabemos sus nombres ni su historia personal, pero s\u00ed cu\u00e1ntas son. Queremos contarlas, para rendirles homenaje y porque no las podemos olvidar.<br>Barcelona no se cansar\u00e1 de exigir un camino legal y seguro de llegada a Europa y un cambio de rumbo de las pol\u00edticas de asilo.<br><strong>&#8220;<a href=\"https:\/\/ciutatrefugi.barcelona\/es\/memorial\" target=\"_blank\" rel=\"noreferrer noopener\">Somos i seremos ciudad refugio<\/a>&#8220;<\/strong><br><em>Manifiesto del Memorial &#8220;Somos y seremos ciudad refugio&#8221; Julio de 2016<\/em><\/p>\n\n\n\n<hr class=\"wp-block-separator\"\/>\n\n\n\n<p class=\"has-text-align-center has-background-color has-accent-background-color has-text-color has-background\" style=\"font-size:30px\">&#8220;LA PAZ ROTA&#8221;<br>un s\u00edmbolo para <br><a href=\"http:\/\/www.sant-adria.net\" target=\"_blank\" rel=\"noreferrer noopener\">Sant Adri\u00e0 de Bes\u00f2s<\/a><\/p>\n\n\n\n<p class=\"has-background\" style=\"background-color:#ffffff\">En el <a href=\"https:\/\/www.paubcn.com\/index.php\/propuesta-del-paseo-camino-de-la-paz\/\" target=\"_blank\" rel=\"noreferrer noopener\">Paseo Camino de la Paz<\/a>, y siguiendo con la l\u00ednea iniciada por el <em>Contador de la Verg\u00fcenza<\/em>, planteamos unas propuestas art\u00edsticas bas\u00e1ndonos en el s\u00edmbolo de la Paz, creado en 1958 por <a href=\"https:\/\/es.wikipedia.org\/wiki\/Gerald_Holtom\" target=\"_blank\" rel=\"noreferrer noopener\">Gerald Holtom<\/a> para la campa\u00f1a brit\u00e1nica de desarme nuclear, inspirado en la pintura de Goya del &#8220;3 de Mayo&#8221; (campesino con los brazos abiertos a punto de ser fusilado).<\/p>\n\n\n\n<figure class=\"wp-block-gallery columns-2 is-cropped wp-block-gallery-2 is-layout-flex wp-block-gallery-is-layout-flex\"><ul class=\"blocks-gallery-grid\"><li class=\"blocks-gallery-item\"><figure><img loading=\"lazy\" decoding=\"async\" width=\"536\" height=\"394\" src=\"https:\/\/www.paubcn.com\/wp-content\/uploads\/2020\/11\/Pautrencada_1-4.jpeg\" alt=\"\" data-id=\"705\" data-full-url=\"https:\/\/www.paubcn.com\/wp-content\/uploads\/2020\/11\/Pautrencada_1-4.jpeg\" data-link=\"https:\/\/www.paubcn.com\/index.php\/arte\/pautrencada_1-4\/\" class=\"wp-image-705\" srcset=\"https:\/\/www.paubcn.com\/wp-content\/uploads\/2020\/11\/Pautrencada_1-4.jpeg 536w, https:\/\/www.paubcn.com\/wp-content\/uploads\/2020\/11\/Pautrencada_1-4-300x221.jpeg 300w\" sizes=\"auto, (max-width: 536px) 100vw, 536px\" \/><\/figure><\/li><li class=\"blocks-gallery-item\"><figure><img loading=\"lazy\" decoding=\"async\" width=\"538\" height=\"338\" src=\"https:\/\/www.paubcn.com\/wp-content\/uploads\/2020\/11\/SAB_PAU-3.jpeg\" alt=\"\" data-id=\"706\" data-full-url=\"https:\/\/www.paubcn.com\/wp-content\/uploads\/2020\/11\/SAB_PAU-3.jpeg\" data-link=\"https:\/\/www.paubcn.com\/index.php\/arte\/sab_pau-3\/\" class=\"wp-image-706\" srcset=\"https:\/\/www.paubcn.com\/wp-content\/uploads\/2020\/11\/SAB_PAU-3.jpeg 538w, https:\/\/www.paubcn.com\/wp-content\/uploads\/2020\/11\/SAB_PAU-3-300x188.jpeg 300w\" sizes=\"auto, (max-width: 538px) 100vw, 538px\" \/><\/figure><\/li><\/ul><\/figure>\n\n\n\n<p>Proponemos para esta propuesta art\u00edstica un s\u00edmbolo de la Paz Monumental de unos 3,5 metros de di\u00e1metro, sostenido sobre un pilar central, con los semic\u00edrculos anterior y posterior desplazados 1,5 metros respecto del tronco central, de esta manera la visualizaci\u00f3n completa del s\u00edmbolo s\u00f3lo se apreciar\u00eda observ\u00e1ndose de frente, y cobrar\u00eda as\u00ed significado al mirarlo, vincul\u00e1ndolo a la figura arrodillada del cuadro de Goya: <strong>s\u00edmbolo y persona<\/strong>.<\/p>\n\n\n\n<p>Esta propuesta podr\u00eda estar ubicada en su conjunto, o por separado, en el \u201cCamp de la Bota\u201d, ahora <strong>\u201c<a href=\"https:\/\/ajuntament.barcelona.cat\/premsa\/2019\/02\/24\/barcelona-inaugura-un-nou-espai-memorial-al-camp-de-la-bota-en-record-i-homenatge-a-totes-les-persones-executades-pel-franquisme\/\" target=\"_blank\" rel=\"noreferrer noopener\">Parc de la Pla\u00e7a del F\u00f2rum<\/a>\u201d <\/strong>de Barcelona o bien en el <strong>\u201c<a href=\"http:\/\/jasa.cat\/parcs\/\" target=\"_blank\" rel=\"noreferrer noopener\">Parc de la Pau<\/a>\u201d <\/strong>de Sant Adri\u00e0 de Bes\u00f2s. <br>De este modo el s\u00edmbolo rememorar\u00eda tambi\u00e9n el triste recuerdo de los cientos de fusilados condenados por los tribunales franquistas entre 1939 y 1952.<\/p>\n\n\n\n<p class=\"has-text-align-center has-background-color has-accent-background-color has-text-color has-background\" style=\"font-size:30px\">&#8220;LA INDIFERENCIA&#8221;<br>un s\u00edmbolo para <a href=\"http:\/\/ajuntament.badalona.cat\" target=\"_blank\" rel=\"noreferrer noopener\">Badalona<\/a><\/p>\n\n\n\n<p class=\"has-background\" style=\"background-color:#ffffff\">Posiblemente sea \u00e9sta la actitud m\u00e1s agresiva y dolorosa que podamos proyectar,<strong> \u00bfhay algo m\u00e1s cruel?<\/strong> \u00bfpodemos permanecer totalmente indiferentes al dolor ajeno?<br>Proponemos una escultura o imagen que nos haga reflexionar sobre aquellas personas que arriesgan su vida en un peligroso viaje, aquellos que, o bien la han dejado en el desierto del S\u00e1hara, o naufragando en el Mediterr\u00e1neo.<\/p>\n\n\n\n<figure class=\"wp-block-gallery alignwide columns-3 is-cropped wp-block-gallery-3 is-layout-flex wp-block-gallery-is-layout-flex\"><ul class=\"blocks-gallery-grid\"><li class=\"blocks-gallery-item\"><figure><img loading=\"lazy\" decoding=\"async\" width=\"986\" height=\"616\" src=\"https:\/\/www.paubcn.com\/wp-content\/uploads\/2020\/11\/Figura_esquena.jpeg\" alt=\"\" data-id=\"711\" data-full-url=\"https:\/\/www.paubcn.com\/wp-content\/uploads\/2020\/11\/Figura_esquena.jpeg\" data-link=\"https:\/\/www.paubcn.com\/index.php\/arte\/figura_esquena\/\" class=\"wp-image-711\" srcset=\"https:\/\/www.paubcn.com\/wp-content\/uploads\/2020\/11\/Figura_esquena.jpeg 986w, https:\/\/www.paubcn.com\/wp-content\/uploads\/2020\/11\/Figura_esquena-300x187.jpeg 300w, https:\/\/www.paubcn.com\/wp-content\/uploads\/2020\/11\/Figura_esquena-768x480.jpeg 768w\" sizes=\"auto, (max-width: 986px) 100vw, 986px\" \/><\/figure><\/li><li class=\"blocks-gallery-item\"><figure><img loading=\"lazy\" decoding=\"async\" width=\"964\" height=\"674\" src=\"https:\/\/www.paubcn.com\/wp-content\/uploads\/2020\/11\/Figura_3.jpeg\" alt=\"\" data-id=\"712\" data-full-url=\"https:\/\/www.paubcn.com\/wp-content\/uploads\/2020\/11\/Figura_3.jpeg\" data-link=\"https:\/\/www.paubcn.com\/index.php\/arte\/figura_3\/\" class=\"wp-image-712\" srcset=\"https:\/\/www.paubcn.com\/wp-content\/uploads\/2020\/11\/Figura_3.jpeg 964w, https:\/\/www.paubcn.com\/wp-content\/uploads\/2020\/11\/Figura_3-300x210.jpeg 300w, https:\/\/www.paubcn.com\/wp-content\/uploads\/2020\/11\/Figura_3-768x537.jpeg 768w\" sizes=\"auto, (max-width: 964px) 100vw, 964px\" \/><\/figure><\/li><li class=\"blocks-gallery-item\"><figure><img loading=\"lazy\" decoding=\"async\" width=\"938\" height=\"740\" src=\"https:\/\/www.paubcn.com\/wp-content\/uploads\/2020\/11\/Figura_cara.jpeg\" alt=\"\" data-id=\"713\" data-full-url=\"https:\/\/www.paubcn.com\/wp-content\/uploads\/2020\/11\/Figura_cara.jpeg\" data-link=\"https:\/\/www.paubcn.com\/index.php\/arte\/figura_cara\/\" class=\"wp-image-713\" srcset=\"https:\/\/www.paubcn.com\/wp-content\/uploads\/2020\/11\/Figura_cara.jpeg 938w, https:\/\/www.paubcn.com\/wp-content\/uploads\/2020\/11\/Figura_cara-300x237.jpeg 300w, https:\/\/www.paubcn.com\/wp-content\/uploads\/2020\/11\/Figura_cara-768x606.jpeg 768w\" sizes=\"auto, (max-width: 938px) 100vw, 938px\" \/><\/figure><\/li><\/ul><figcaption class=\"blocks-gallery-caption\">Dise\u00f1ada por<strong> <a href=\"https:\/\/xavierbartumeus.com\" target=\"_blank\" rel=\"noreferrer noopener\">Xavier Bartumeus<\/a><\/strong>, la escultura estar\u00eda ubicada en alg\u00fan lugar del Paseo de Badalona, de espaldas al Mediterr\u00e1neo.<br><em>\u201cLo contrario del amor no es el odio, es <\/em><strong><em>la indiferencia<\/em><\/strong><em>. Lo contrario de la belleza no es la fealdad, es <\/em><strong><em>la indiferencia<\/em><\/strong><em>. Lo contrario de la fe no es herej\u00eda, es<\/em><strong><em> la indiferencia<\/em><\/strong><em>. Y lo contrario de la vida no es la muerte, sino <\/em><strong><em>la indiferencia<\/em><\/strong><em> entre la vida y la muerte\u201d.<\/em><br>Elie Wiesel<br><\/figcaption><\/figure>\n\n\n\n<p class=\"has-subtle-background-background-color has-background\"><em>&#8220;La gran enfermedad de nuestro tiempo: <\/em><strong><em>la indiferencia<\/em><\/strong><em>. Es un virus que paraliza, que vuelve inertes e insensibles. No podemos permanecer indiferentes&#8221;<\/em><br>Papa Francisco: <em>Jornada Mundial de oraci\u00f3n por la paz (2016)<\/em><\/p>\n\n\n\n<p class=\"has-subtle-background-background-color has-background\"><em>&#8220;El peor pecado hacia nuestros semejantes no es odiarlos, sino tratarlos con indiferencia: esa es<\/em><strong><em> la esencia de la inhumanidad<\/em><\/strong><em>&#8220;<\/em><br>George Bernard Shaw<\/p>\n\n\n\n<div class=\"wp-block-buttons is-layout-flex wp-block-buttons-is-layout-flex\">\n<div class=\"wp-block-button\"><a class=\"wp-block-button__link\" href=\"https:\/\/www.paubcn.com\/index.php\/propuesta-inspirada-en-los-paseos-de-la-fama-que-son-espacios-habitualmente-al-aire-libre\/\">volver a la propuesta<\/a><\/div>\n<\/div>\n\n\n\n<hr class=\"wp-block-separator\"\/>\n","protected":false},"excerpt":{"rendered":"<p>VIAJANDO A NUESTRO INTERIOR El Paseo-Camino de la Paz ha de ser tambi\u00e9n una invitaci\u00f3n a la reflexi\u00f3n, un espacio donde se produzca un viaje a nuestro interior, a nuestra conciencia como persona y como colectivo. Es por este motivo, que animamos a las administraciones municipales a formar parte de este recorrido y a ser [&hellip;]<\/p>\n","protected":false},"author":1,"featured_media":0,"parent":0,"menu_order":0,"comment_status":"closed","ping_status":"closed","template":"templates\/template-full-width.php","meta":{"_monsterinsights_skip_tracking":false,"_monsterinsights_sitenote_active":false,"_monsterinsights_sitenote_note":"","_monsterinsights_sitenote_category":0,"footnotes":""},"class_list":["post-630","page","type-page","status-publish","hentry"],"yoast_head":"<!-- This site is optimized with the Yoast SEO plugin v27.4 - https:\/\/yoast.com\/product\/yoast-seo-wordpress\/ -->\n<title>ARTE Y PAZ - Barcelona ciudad referente mundial de la paz<\/title>\n<meta name=\"description\" content=\"El Paseo Camino de la Paz ha de ser tambi\u00e9n una invitaci\u00f3n a la reflexi\u00f3n, un espacio donde se produzca un viaje a nuestro interior...\" \/>\n<meta name=\"robots\" content=\"index, follow, max-snippet:-1, max-image-preview:large, max-video-preview:-1\" \/>\n<link rel=\"canonical\" href=\"https:\/\/www.paubcn.com\/index.php\/viajando-a-nuestro-interior\/\" \/>\n<meta property=\"og:locale\" content=\"ca_ES\" \/>\n<meta property=\"og:type\" content=\"article\" \/>\n<meta property=\"og:title\" content=\"ARTE Y PAZ - Barcelona ciudad referente mundial de la paz\" \/>\n<meta property=\"og:description\" content=\"El Paseo Camino de la Paz ha de ser tambi\u00e9n una invitaci\u00f3n a la reflexi\u00f3n, un espacio donde se produzca un viaje a nuestro interior...\" \/>\n<meta property=\"og:url\" content=\"https:\/\/www.paubcn.com\/index.php\/viajando-a-nuestro-interior\/\" \/>\n<meta property=\"og:site_name\" content=\"Barcelona ciudad referente mundial de la paz\" \/>\n<meta property=\"article:modified_time\" content=\"2021-05-24T12:18:22+00:00\" \/>\n<meta property=\"og:image\" content=\"https:\/\/www.paubcn.com\/wp-content\/uploads\/2020\/11\/Marcador_1-1-1024x720.jpeg\" \/>\n<meta name=\"twitter:card\" content=\"summary_large_image\" \/>\n<meta name=\"twitter:label1\" content=\"Temps estimat de lectura\" \/>\n\t<meta name=\"twitter:data1\" content=\"5 minuts\" \/>\n<script type=\"application\/ld+json\" class=\"yoast-schema-graph\">{\"@context\":\"https:\\\/\\\/schema.org\",\"@graph\":[{\"@type\":\"WebPage\",\"@id\":\"https:\\\/\\\/www.paubcn.com\\\/index.php\\\/viajando-a-nuestro-interior\\\/\",\"url\":\"https:\\\/\\\/www.paubcn.com\\\/index.php\\\/viajando-a-nuestro-interior\\\/\",\"name\":\"ARTE Y PAZ - Barcelona ciudad referente mundial de la paz\",\"isPartOf\":{\"@id\":\"https:\\\/\\\/www.paubcn.com\\\/#website\"},\"primaryImageOfPage\":{\"@id\":\"https:\\\/\\\/www.paubcn.com\\\/index.php\\\/viajando-a-nuestro-interior\\\/#primaryimage\"},\"image\":{\"@id\":\"https:\\\/\\\/www.paubcn.com\\\/index.php\\\/viajando-a-nuestro-interior\\\/#primaryimage\"},\"thumbnailUrl\":\"https:\\\/\\\/www.paubcn.com\\\/wp-content\\\/uploads\\\/2020\\\/11\\\/Marcador_1-1-1024x720.jpeg\",\"datePublished\":\"2020-11-18T12:10:26+00:00\",\"dateModified\":\"2021-05-24T12:18:22+00:00\",\"description\":\"El Paseo Camino de la Paz ha de ser tambi\u00e9n una invitaci\u00f3n a la reflexi\u00f3n, un espacio donde se produzca un viaje a nuestro interior...\",\"breadcrumb\":{\"@id\":\"https:\\\/\\\/www.paubcn.com\\\/index.php\\\/viajando-a-nuestro-interior\\\/#breadcrumb\"},\"inLanguage\":\"ca\",\"potentialAction\":[{\"@type\":\"ReadAction\",\"target\":[\"https:\\\/\\\/www.paubcn.com\\\/index.php\\\/viajando-a-nuestro-interior\\\/\"]}]},{\"@type\":\"ImageObject\",\"inLanguage\":\"ca\",\"@id\":\"https:\\\/\\\/www.paubcn.com\\\/index.php\\\/viajando-a-nuestro-interior\\\/#primaryimage\",\"url\":\"https:\\\/\\\/www.paubcn.com\\\/wp-content\\\/uploads\\\/2020\\\/11\\\/Marcador_1-1.jpeg\",\"contentUrl\":\"https:\\\/\\\/www.paubcn.com\\\/wp-content\\\/uploads\\\/2020\\\/11\\\/Marcador_1-1.jpeg\",\"width\":1204,\"height\":846},{\"@type\":\"BreadcrumbList\",\"@id\":\"https:\\\/\\\/www.paubcn.com\\\/index.php\\\/viajando-a-nuestro-interior\\\/#breadcrumb\",\"itemListElement\":[{\"@type\":\"ListItem\",\"position\":1,\"name\":\"Home\",\"item\":\"https:\\\/\\\/www.paubcn.com\\\/\"},{\"@type\":\"ListItem\",\"position\":2,\"name\":\"ARTE Y PAZ\"}]},{\"@type\":\"WebSite\",\"@id\":\"https:\\\/\\\/www.paubcn.com\\\/#website\",\"url\":\"https:\\\/\\\/www.paubcn.com\\\/\",\"name\":\"Barcelona ciudad referente mundial de la paz\",\"description\":\"\",\"publisher\":{\"@id\":\"https:\\\/\\\/www.paubcn.com\\\/#organization\"},\"potentialAction\":[{\"@type\":\"SearchAction\",\"target\":{\"@type\":\"EntryPoint\",\"urlTemplate\":\"https:\\\/\\\/www.paubcn.com\\\/?s={search_term_string}\"},\"query-input\":{\"@type\":\"PropertyValueSpecification\",\"valueRequired\":true,\"valueName\":\"search_term_string\"}}],\"inLanguage\":\"ca\"},{\"@type\":\"Organization\",\"@id\":\"https:\\\/\\\/www.paubcn.com\\\/#organization\",\"name\":\"Barcelona ciudad referente mundial de la paz\",\"url\":\"https:\\\/\\\/www.paubcn.com\\\/\",\"logo\":{\"@type\":\"ImageObject\",\"inLanguage\":\"ca\",\"@id\":\"https:\\\/\\\/www.paubcn.com\\\/#\\\/schema\\\/logo\\\/image\\\/\",\"url\":\"https:\\\/\\\/www.paubcn.com\\\/wp-content\\\/uploads\\\/2020\\\/11\\\/cropped-O_gris.png\",\"contentUrl\":\"https:\\\/\\\/www.paubcn.com\\\/wp-content\\\/uploads\\\/2020\\\/11\\\/cropped-O_gris.png\",\"width\":1345,\"height\":310,\"caption\":\"Barcelona ciudad referente mundial de la paz\"},\"image\":{\"@id\":\"https:\\\/\\\/www.paubcn.com\\\/#\\\/schema\\\/logo\\\/image\\\/\"}}]}<\/script>\n<!-- \/ Yoast SEO plugin. -->","yoast_head_json":{"title":"ARTE Y PAZ - Barcelona ciudad referente mundial de la paz","description":"El Paseo Camino de la Paz ha de ser tambi\u00e9n una invitaci\u00f3n a la reflexi\u00f3n, un espacio donde se produzca un viaje a nuestro interior...","robots":{"index":"index","follow":"follow","max-snippet":"max-snippet:-1","max-image-preview":"max-image-preview:large","max-video-preview":"max-video-preview:-1"},"canonical":"https:\/\/www.paubcn.com\/index.php\/viajando-a-nuestro-interior\/","og_locale":"ca_ES","og_type":"article","og_title":"ARTE Y PAZ - Barcelona ciudad referente mundial de la paz","og_description":"El Paseo Camino de la Paz ha de ser tambi\u00e9n una invitaci\u00f3n a la reflexi\u00f3n, un espacio donde se produzca un viaje a nuestro interior...","og_url":"https:\/\/www.paubcn.com\/index.php\/viajando-a-nuestro-interior\/","og_site_name":"Barcelona ciudad referente mundial de la paz","article_modified_time":"2021-05-24T12:18:22+00:00","og_image":[{"url":"https:\/\/www.paubcn.com\/wp-content\/uploads\/2020\/11\/Marcador_1-1-1024x720.jpeg","type":"","width":"","height":""}],"twitter_card":"summary_large_image","twitter_misc":{"Temps estimat de lectura":"5 minuts"},"schema":{"@context":"https:\/\/schema.org","@graph":[{"@type":"WebPage","@id":"https:\/\/www.paubcn.com\/index.php\/viajando-a-nuestro-interior\/","url":"https:\/\/www.paubcn.com\/index.php\/viajando-a-nuestro-interior\/","name":"ARTE Y PAZ - Barcelona ciudad referente mundial de la paz","isPartOf":{"@id":"https:\/\/www.paubcn.com\/#website"},"primaryImageOfPage":{"@id":"https:\/\/www.paubcn.com\/index.php\/viajando-a-nuestro-interior\/#primaryimage"},"image":{"@id":"https:\/\/www.paubcn.com\/index.php\/viajando-a-nuestro-interior\/#primaryimage"},"thumbnailUrl":"https:\/\/www.paubcn.com\/wp-content\/uploads\/2020\/11\/Marcador_1-1-1024x720.jpeg","datePublished":"2020-11-18T12:10:26+00:00","dateModified":"2021-05-24T12:18:22+00:00","description":"El Paseo Camino de la Paz ha de ser tambi\u00e9n una invitaci\u00f3n a la reflexi\u00f3n, un espacio donde se produzca un viaje a nuestro interior...","breadcrumb":{"@id":"https:\/\/www.paubcn.com\/index.php\/viajando-a-nuestro-interior\/#breadcrumb"},"inLanguage":"ca","potentialAction":[{"@type":"ReadAction","target":["https:\/\/www.paubcn.com\/index.php\/viajando-a-nuestro-interior\/"]}]},{"@type":"ImageObject","inLanguage":"ca","@id":"https:\/\/www.paubcn.com\/index.php\/viajando-a-nuestro-interior\/#primaryimage","url":"https:\/\/www.paubcn.com\/wp-content\/uploads\/2020\/11\/Marcador_1-1.jpeg","contentUrl":"https:\/\/www.paubcn.com\/wp-content\/uploads\/2020\/11\/Marcador_1-1.jpeg","width":1204,"height":846},{"@type":"BreadcrumbList","@id":"https:\/\/www.paubcn.com\/index.php\/viajando-a-nuestro-interior\/#breadcrumb","itemListElement":[{"@type":"ListItem","position":1,"name":"Home","item":"https:\/\/www.paubcn.com\/"},{"@type":"ListItem","position":2,"name":"ARTE Y PAZ"}]},{"@type":"WebSite","@id":"https:\/\/www.paubcn.com\/#website","url":"https:\/\/www.paubcn.com\/","name":"Barcelona ciudad referente mundial de la paz","description":"","publisher":{"@id":"https:\/\/www.paubcn.com\/#organization"},"potentialAction":[{"@type":"SearchAction","target":{"@type":"EntryPoint","urlTemplate":"https:\/\/www.paubcn.com\/?s={search_term_string}"},"query-input":{"@type":"PropertyValueSpecification","valueRequired":true,"valueName":"search_term_string"}}],"inLanguage":"ca"},{"@type":"Organization","@id":"https:\/\/www.paubcn.com\/#organization","name":"Barcelona ciudad referente mundial de la paz","url":"https:\/\/www.paubcn.com\/","logo":{"@type":"ImageObject","inLanguage":"ca","@id":"https:\/\/www.paubcn.com\/#\/schema\/logo\/image\/","url":"https:\/\/www.paubcn.com\/wp-content\/uploads\/2020\/11\/cropped-O_gris.png","contentUrl":"https:\/\/www.paubcn.com\/wp-content\/uploads\/2020\/11\/cropped-O_gris.png","width":1345,"height":310,"caption":"Barcelona ciudad referente mundial de la paz"},"image":{"@id":"https:\/\/www.paubcn.com\/#\/schema\/logo\/image\/"}}]}},"_links":{"self":[{"href":"https:\/\/www.paubcn.com\/index.php\/wp-json\/wp\/v2\/pages\/630","targetHints":{"allow":["GET"]}}],"collection":[{"href":"https:\/\/www.paubcn.com\/index.php\/wp-json\/wp\/v2\/pages"}],"about":[{"href":"https:\/\/www.paubcn.com\/index.php\/wp-json\/wp\/v2\/types\/page"}],"author":[{"embeddable":true,"href":"https:\/\/www.paubcn.com\/index.php\/wp-json\/wp\/v2\/users\/1"}],"replies":[{"embeddable":true,"href":"https:\/\/www.paubcn.com\/index.php\/wp-json\/wp\/v2\/comments?post=630"}],"version-history":[{"count":44,"href":"https:\/\/www.paubcn.com\/index.php\/wp-json\/wp\/v2\/pages\/630\/revisions"}],"predecessor-version":[{"id":1483,"href":"https:\/\/www.paubcn.com\/index.php\/wp-json\/wp\/v2\/pages\/630\/revisions\/1483"}],"wp:attachment":[{"href":"https:\/\/www.paubcn.com\/index.php\/wp-json\/wp\/v2\/media?parent=630"}],"curies":[{"name":"wp","href":"https:\/\/api.w.org\/{rel}","templated":true}]}}