{"id":851,"date":"2020-12-07T16:51:38","date_gmt":"2020-12-07T16:51:38","guid":{"rendered":"https:\/\/www.paubcn.com\/index.php\/inicio-copy\/"},"modified":"2021-05-25T08:31:22","modified_gmt":"2021-05-25T08:31:22","slug":"el-paseo-camino-de-la-paz-de-barcelona","status":"publish","type":"page","link":"https:\/\/www.paubcn.com\/","title":{"rendered":"INICIO"},"content":{"rendered":"\n<div class=\"wp-block-cover has-parallax\" style=\"background-image:url(https:\/\/www.paubcn.com\/wp-content\/uploads\/2020\/12\/Barcelona_Sagrada_Familia.jpg)\"><div class=\"wp-block-cover__inner-container is-layout-flow wp-block-cover-is-layout-flow\">\n<p class=\"has-text-align-center has-text-color\" style=\"color:#fdfa28;font-size:25px\"><strong>El Paseo-Camino de la Paz de Barcelona es una propuesta estrat\u00e9gica para la promoci\u00f3n internacional de Barcelona como referente mundial de la paz.<\/strong><\/p>\n<\/div><\/div>\n\n\n\n<p class=\"has-drop-cap\">El proyecto del <strong>Paseo-Camino de la Paz de Barcelona<\/strong> est\u00e1 orientado a potenciar las pol\u00edticas culturales de la ciudad, utilizando el espacio p\u00fablico con una doble intenci\u00f3n de <strong>actividad recreativa y cultural<\/strong>, haciendo del Paseo y del Camino un espacio de participaci\u00f3n ciudadana que act\u00fae como embajador al exterior y de captaci\u00f3n de turismo con sensibilidad cultural.<br><br>Este proyecto pretende que <a href=\"https:\/\/www.barcelona.cat\" target=\"_blank\" rel=\"noreferrer noopener\">Barcelona<\/a> y los municipios costeros miren directamente al Nobel de la Paz y al Mediterr\u00e1neo y est\u00e1 inspirado en el paseo de la fama, que es un espacio habitualmente al aire libre, donde se rinden homenajes generalmente a personalidades del cine, el teatro, la m\u00fasica o la televisi\u00f3n.<br><br>El Paseo-Camino de la Paz propone un recorrido por los 120 a\u00f1os que conforman los <a href=\"https:\/\/ca.wikipedia.org\/wiki\/Llista_de_guardonats_amb_el_Premi_Nobel_de_la_Pau\" target=\"_blank\" rel=\"noreferrer noopener\">Nobel de la Paz<\/a> desde su creaci\u00f3n, ubicando 120 puntos de consulta que recordar\u00e1n a todos y cada uno de los premiados, incluyendo tambi\u00e9n aquellos a\u00f1os en los que no se libraron los premios Nobel de la Paz.<br><br>A diferencia de las placas conmemorativas que se colocan en el suelo del paseo de la fama, el proyecto propone la ubicaci\u00f3n de elementos de consulta con contenidos audiovisuales, que marcar\u00e1n el Paseo-Camino de la Paz y que podr\u00e1n incorporar iluminaci\u00f3n y geolocalizaci\u00f3n.<br><br>Encontrarse durante el recorrido unos elementos de consulta interactivos, desde 1914 a 1918 y de 1939 a 1943, que coinciden con la primera y la segunda guerra mundial respectivamente, har\u00e1 reflexionar sobre la importancia de trabajar constantemente la \u201ccadena de la paz\u201d y de la necesidad de no \u201cromper el camino\u201d. <br>El hecho de consultar contenidos en los periodos mencionados, pero sin ning\u00fan premiado, deber\u00e1 hacer reflexionar sobre el motivo.<br><br>El Paseo-Camino de la Paz, en Barcelona, se dedicar\u00e1 a todos los Nobel premiados durante el siglo XX que se incluir\u00e1n en el territorio de la ciudad, con el espacio F\u00f3rum como final del siglo XX, inici\u00e1ndose a su vez desde ese mismo punto, los Nobel premiados en el presente siglo XXI.<br><br>La organizaci\u00f3n de las Naciones Unidas y Kofi Annan, premios Nobel de la Paz del a\u00f1o 2001 ser\u00e1n el referente del final del Paseo de la Paz y el inicio del Camino fuera de Barcelona, dotando de ese modo de un fuerte contenido cultural internacional al espacio del F\u00f3rum de Barcelona.<\/p>\n\n\n\n<hr class=\"wp-block-separator is-style-wide\"\/>\n\n\n\n<p class=\"has-text-align-center has-accent-color has-text-color has-larger-font-size\"><em>&#8220;No hay camino para la paz, la paz es el camino&#8221;<\/em><\/p>\n\n\n\n<p class=\"has-text-align-right\">Mahatma Gandhi<\/p>\n\n\n\n<div class=\"wp-block-columns is-layout-flex wp-container-core-columns-is-layout-9d6595d7 wp-block-columns-is-layout-flex\">\n<div class=\"wp-block-column is-layout-flow wp-block-column-is-layout-flow\">\n<div class=\"wp-block-image is-style-rounded\"><figure class=\"aligncenter size-large\"><a href=\"https:\/\/www.paubcn.com\/index.php\/propuesta-inspirada-en-los-paseos-de-la-fama-que-son-espacios-habitualmente-al-aire-libre\/\" rel=\"Enlace a Proyecto\"><img loading=\"lazy\" decoding=\"async\" width=\"250\" height=\"250\" src=\"https:\/\/www.paubcn.com\/wp-content\/uploads\/2020\/12\/Portal_Pau.jpg\" alt=\"Panor\u00e1mica de Barcelona\" class=\"wp-image-855\" srcset=\"https:\/\/www.paubcn.com\/wp-content\/uploads\/2020\/12\/Portal_Pau.jpg 250w, https:\/\/www.paubcn.com\/wp-content\/uploads\/2020\/12\/Portal_Pau-100x100.jpg 100w\" sizes=\"auto, (max-width: 250px) 100vw, 250px\" \/><\/a><figcaption><span class=\"has-inline-color has-primary-color\"><strong><a href=\"https:\/\/www.paubcn.com\/index.php\/propuesta-inspirada-en-los-paseos-de-la-fama-que-son-espacios-habitualmente-al-aire-libre\/\">PROPUESTA<\/a><\/strong><br>Barcelona, una ciudad referente de la paz<\/span><\/figcaption><\/figure><\/div>\n<\/div>\n\n\n\n<div class=\"wp-block-column is-layout-flow wp-block-column-is-layout-flow\">\n<div class=\"wp-block-image is-style-rounded\"><figure class=\"aligncenter size-large\"><a href=\"https:\/\/www.paubcn.com\/index.php\/divulgacion-del-proyecto\/\" rel=\"Enlace a referencias\"><img loading=\"lazy\" decoding=\"async\" width=\"250\" height=\"250\" src=\"https:\/\/www.paubcn.com\/wp-content\/uploads\/2020\/12\/Divulgacion.jpg\" alt=\"Divulgaci\u00f3n del proyecto\" class=\"wp-image-874\" srcset=\"https:\/\/www.paubcn.com\/wp-content\/uploads\/2020\/12\/Divulgacion.jpg 250w, https:\/\/www.paubcn.com\/wp-content\/uploads\/2020\/12\/Divulgacion-100x100.jpg 100w\" sizes=\"auto, (max-width: 250px) 100vw, 250px\" \/><\/a><figcaption><span class=\"has-inline-color has-primary-color\"><strong><a href=\"https:\/\/www.paubcn.com\/index.php\/divulgacion-del-proyecto\/\">DIVULGACI\u00d3N<\/a><\/strong><br>El Paseo-Camino de la Paz a entidades y organizaciones<\/span><\/figcaption><\/figure><\/div>\n<\/div>\n\n\n\n<div class=\"wp-block-column is-layout-flow wp-block-column-is-layout-flow\">\n<div class=\"wp-block-image is-style-rounded\"><figure class=\"aligncenter size-large\"><a href=\"https:\/\/www.paubcn.com\/index.php\/barcelona-una-ciudad-para-el-nobel-de-la-paz\/\" rel=\"Enlace a equipo\"><img loading=\"lazy\" decoding=\"async\" width=\"250\" height=\"250\" src=\"https:\/\/www.paubcn.com\/wp-content\/uploads\/2020\/12\/Equipo-1.jpg\" alt=\"Personas tomando apuntes\" class=\"wp-image-875\" srcset=\"https:\/\/www.paubcn.com\/wp-content\/uploads\/2020\/12\/Equipo-1.jpg 250w, https:\/\/www.paubcn.com\/wp-content\/uploads\/2020\/12\/Equipo-1-100x100.jpg 100w\" sizes=\"auto, (max-width: 250px) 100vw, 250px\" \/><\/a><figcaption><span class=\"has-inline-color has-primary-color\"><strong><a href=\"https:\/\/www.paubcn.com\/index.php\/barcelona-una-ciudad-para-el-nobel-de-la-paz\/\">EQUIPO<\/a><\/strong><br>\u00bfPuede ser una ciudad<\/span><br><span class=\"has-inline-color has-primary-color\">Nobel de la Paz?<\/span><\/figcaption><\/figure><\/div>\n<\/div>\n<\/div>\n\n\n\n<h3 class=\"has-text-align-center has-accent-background-color has-background has-background-color has-text-color wp-block-heading\">Si has consultado la propuesta y quieres dejarnos tu opini\u00f3n, utiliza:<br><a href=\"https:\/\/www.paubcn.com\/index.php\/evaluacion-del-proyecto-paseo-camino-de-la-paz\/\">Evaluar el Paseo-Camino de la Paz<\/a><\/h3>\n","protected":false},"excerpt":{"rendered":"<p>El proyecto del Paseo-Camino de la Paz de Barcelona est\u00e1 orientado a potenciar las pol\u00edticas culturales de la ciudad, utilizando el espacio p\u00fablico con una doble intenci\u00f3n de actividad recreativa y cultural, haciendo del Paseo y del Camino un espacio de participaci\u00f3n ciudadana que act\u00fae como embajador al exterior y de captaci\u00f3n de turismo con [&hellip;]<\/p>\n","protected":false},"author":1,"featured_media":0,"parent":0,"menu_order":0,"comment_status":"closed","ping_status":"closed","template":"templates\/template-full-width.php","meta":{"_monsterinsights_skip_tracking":false,"_monsterinsights_sitenote_active":false,"_monsterinsights_sitenote_note":"","_monsterinsights_sitenote_category":0,"footnotes":""},"class_list":["post-851","page","type-page","status-publish","hentry"],"yoast_head":"<!-- This site is optimized with the Yoast SEO plugin v27.4 - https:\/\/yoast.com\/product\/yoast-seo-wordpress\/ -->\n<title>INICIO Barcelona ciudad referente mundial de la paz -<\/title>\n<meta name=\"description\" content=\"El Paseo Camino de la Paz es una propuesta estrat\u00e9gica para la promoci\u00f3n internacional de Barcelona como referente mundial de la paz\" \/>\n<meta name=\"robots\" content=\"index, follow, max-snippet:-1, max-image-preview:large, max-video-preview:-1\" \/>\n<link rel=\"canonical\" href=\"https:\/\/www.paubcn.com\/\" \/>\n<meta property=\"og:locale\" content=\"ca_ES\" \/>\n<meta property=\"og:type\" content=\"article\" \/>\n<meta property=\"og:title\" content=\"INICIO Barcelona ciudad referente mundial de la paz -\" \/>\n<meta property=\"og:description\" content=\"El Paseo Camino de la Paz es una propuesta estrat\u00e9gica para la promoci\u00f3n internacional de Barcelona como referente mundial de la paz\" \/>\n<meta property=\"og:url\" content=\"https:\/\/www.paubcn.com\/\" \/>\n<meta property=\"og:site_name\" content=\"Barcelona ciudad referente mundial de la paz\" \/>\n<meta property=\"article:modified_time\" content=\"2021-05-25T08:31:22+00:00\" \/>\n<meta property=\"og:image\" content=\"https:\/\/www.paubcn.com\/wp-content\/uploads\/2020\/12\/Portal_Pau.jpg\" \/>\n<meta name=\"twitter:card\" content=\"summary_large_image\" \/>\n<meta name=\"twitter:label1\" content=\"Temps estimat de lectura\" \/>\n\t<meta name=\"twitter:data1\" content=\"3 minuts\" \/>\n<script type=\"application\/ld+json\" class=\"yoast-schema-graph\">{\"@context\":\"https:\\\/\\\/schema.org\",\"@graph\":[{\"@type\":\"WebPage\",\"@id\":\"https:\\\/\\\/www.paubcn.com\\\/\",\"url\":\"https:\\\/\\\/www.paubcn.com\\\/\",\"name\":\"INICIO Barcelona ciudad referente mundial de la paz -\",\"isPartOf\":{\"@id\":\"https:\\\/\\\/www.paubcn.com\\\/#website\"},\"primaryImageOfPage\":{\"@id\":\"https:\\\/\\\/www.paubcn.com\\\/#primaryimage\"},\"image\":{\"@id\":\"https:\\\/\\\/www.paubcn.com\\\/#primaryimage\"},\"thumbnailUrl\":\"https:\\\/\\\/www.paubcn.com\\\/wp-content\\\/uploads\\\/2020\\\/12\\\/Portal_Pau.jpg\",\"datePublished\":\"2020-12-07T16:51:38+00:00\",\"dateModified\":\"2021-05-25T08:31:22+00:00\",\"description\":\"El Paseo Camino de la Paz es una propuesta estrat\u00e9gica para la promoci\u00f3n internacional de Barcelona como referente mundial de la paz\",\"breadcrumb\":{\"@id\":\"https:\\\/\\\/www.paubcn.com\\\/#breadcrumb\"},\"inLanguage\":\"ca\",\"potentialAction\":[{\"@type\":\"ReadAction\",\"target\":[\"https:\\\/\\\/www.paubcn.com\\\/\"]}]},{\"@type\":\"ImageObject\",\"inLanguage\":\"ca\",\"@id\":\"https:\\\/\\\/www.paubcn.com\\\/#primaryimage\",\"url\":\"https:\\\/\\\/www.paubcn.com\\\/wp-content\\\/uploads\\\/2020\\\/12\\\/Portal_Pau.jpg\",\"contentUrl\":\"https:\\\/\\\/www.paubcn.com\\\/wp-content\\\/uploads\\\/2020\\\/12\\\/Portal_Pau.jpg\",\"width\":250,\"height\":250},{\"@type\":\"BreadcrumbList\",\"@id\":\"https:\\\/\\\/www.paubcn.com\\\/#breadcrumb\",\"itemListElement\":[{\"@type\":\"ListItem\",\"position\":1,\"name\":\"Home\",\"item\":\"https:\\\/\\\/www.paubcn.com\\\/\"},{\"@type\":\"ListItem\",\"position\":2,\"name\":\"INICIO\"}]},{\"@type\":\"WebSite\",\"@id\":\"https:\\\/\\\/www.paubcn.com\\\/#website\",\"url\":\"https:\\\/\\\/www.paubcn.com\\\/\",\"name\":\"Barcelona ciudad referente mundial de la paz\",\"description\":\"\",\"publisher\":{\"@id\":\"https:\\\/\\\/www.paubcn.com\\\/#organization\"},\"potentialAction\":[{\"@type\":\"SearchAction\",\"target\":{\"@type\":\"EntryPoint\",\"urlTemplate\":\"https:\\\/\\\/www.paubcn.com\\\/?s={search_term_string}\"},\"query-input\":{\"@type\":\"PropertyValueSpecification\",\"valueRequired\":true,\"valueName\":\"search_term_string\"}}],\"inLanguage\":\"ca\"},{\"@type\":\"Organization\",\"@id\":\"https:\\\/\\\/www.paubcn.com\\\/#organization\",\"name\":\"Barcelona ciudad referente mundial de la paz\",\"url\":\"https:\\\/\\\/www.paubcn.com\\\/\",\"logo\":{\"@type\":\"ImageObject\",\"inLanguage\":\"ca\",\"@id\":\"https:\\\/\\\/www.paubcn.com\\\/#\\\/schema\\\/logo\\\/image\\\/\",\"url\":\"https:\\\/\\\/www.paubcn.com\\\/wp-content\\\/uploads\\\/2020\\\/11\\\/cropped-O_gris.png\",\"contentUrl\":\"https:\\\/\\\/www.paubcn.com\\\/wp-content\\\/uploads\\\/2020\\\/11\\\/cropped-O_gris.png\",\"width\":1345,\"height\":310,\"caption\":\"Barcelona ciudad referente mundial de la paz\"},\"image\":{\"@id\":\"https:\\\/\\\/www.paubcn.com\\\/#\\\/schema\\\/logo\\\/image\\\/\"}}]}<\/script>\n<!-- \/ Yoast SEO plugin. -->","yoast_head_json":{"title":"INICIO Barcelona ciudad referente mundial de la paz -","description":"El Paseo Camino de la Paz es una propuesta estrat\u00e9gica para la promoci\u00f3n internacional de Barcelona como referente mundial de la paz","robots":{"index":"index","follow":"follow","max-snippet":"max-snippet:-1","max-image-preview":"max-image-preview:large","max-video-preview":"max-video-preview:-1"},"canonical":"https:\/\/www.paubcn.com\/","og_locale":"ca_ES","og_type":"article","og_title":"INICIO Barcelona ciudad referente mundial de la paz -","og_description":"El Paseo Camino de la Paz es una propuesta estrat\u00e9gica para la promoci\u00f3n internacional de Barcelona como referente mundial de la paz","og_url":"https:\/\/www.paubcn.com\/","og_site_name":"Barcelona ciudad referente mundial de la paz","article_modified_time":"2021-05-25T08:31:22+00:00","og_image":[{"url":"https:\/\/www.paubcn.com\/wp-content\/uploads\/2020\/12\/Portal_Pau.jpg","type":"","width":"","height":""}],"twitter_card":"summary_large_image","twitter_misc":{"Temps estimat de lectura":"3 minuts"},"schema":{"@context":"https:\/\/schema.org","@graph":[{"@type":"WebPage","@id":"https:\/\/www.paubcn.com\/","url":"https:\/\/www.paubcn.com\/","name":"INICIO Barcelona ciudad referente mundial de la paz -","isPartOf":{"@id":"https:\/\/www.paubcn.com\/#website"},"primaryImageOfPage":{"@id":"https:\/\/www.paubcn.com\/#primaryimage"},"image":{"@id":"https:\/\/www.paubcn.com\/#primaryimage"},"thumbnailUrl":"https:\/\/www.paubcn.com\/wp-content\/uploads\/2020\/12\/Portal_Pau.jpg","datePublished":"2020-12-07T16:51:38+00:00","dateModified":"2021-05-25T08:31:22+00:00","description":"El Paseo Camino de la Paz es una propuesta estrat\u00e9gica para la promoci\u00f3n internacional de Barcelona como referente mundial de la paz","breadcrumb":{"@id":"https:\/\/www.paubcn.com\/#breadcrumb"},"inLanguage":"ca","potentialAction":[{"@type":"ReadAction","target":["https:\/\/www.paubcn.com\/"]}]},{"@type":"ImageObject","inLanguage":"ca","@id":"https:\/\/www.paubcn.com\/#primaryimage","url":"https:\/\/www.paubcn.com\/wp-content\/uploads\/2020\/12\/Portal_Pau.jpg","contentUrl":"https:\/\/www.paubcn.com\/wp-content\/uploads\/2020\/12\/Portal_Pau.jpg","width":250,"height":250},{"@type":"BreadcrumbList","@id":"https:\/\/www.paubcn.com\/#breadcrumb","itemListElement":[{"@type":"ListItem","position":1,"name":"Home","item":"https:\/\/www.paubcn.com\/"},{"@type":"ListItem","position":2,"name":"INICIO"}]},{"@type":"WebSite","@id":"https:\/\/www.paubcn.com\/#website","url":"https:\/\/www.paubcn.com\/","name":"Barcelona ciudad referente mundial de la paz","description":"","publisher":{"@id":"https:\/\/www.paubcn.com\/#organization"},"potentialAction":[{"@type":"SearchAction","target":{"@type":"EntryPoint","urlTemplate":"https:\/\/www.paubcn.com\/?s={search_term_string}"},"query-input":{"@type":"PropertyValueSpecification","valueRequired":true,"valueName":"search_term_string"}}],"inLanguage":"ca"},{"@type":"Organization","@id":"https:\/\/www.paubcn.com\/#organization","name":"Barcelona ciudad referente mundial de la paz","url":"https:\/\/www.paubcn.com\/","logo":{"@type":"ImageObject","inLanguage":"ca","@id":"https:\/\/www.paubcn.com\/#\/schema\/logo\/image\/","url":"https:\/\/www.paubcn.com\/wp-content\/uploads\/2020\/11\/cropped-O_gris.png","contentUrl":"https:\/\/www.paubcn.com\/wp-content\/uploads\/2020\/11\/cropped-O_gris.png","width":1345,"height":310,"caption":"Barcelona ciudad referente mundial de la paz"},"image":{"@id":"https:\/\/www.paubcn.com\/#\/schema\/logo\/image\/"}}]}},"_links":{"self":[{"href":"https:\/\/www.paubcn.com\/index.php\/wp-json\/wp\/v2\/pages\/851","targetHints":{"allow":["GET"]}}],"collection":[{"href":"https:\/\/www.paubcn.com\/index.php\/wp-json\/wp\/v2\/pages"}],"about":[{"href":"https:\/\/www.paubcn.com\/index.php\/wp-json\/wp\/v2\/types\/page"}],"author":[{"embeddable":true,"href":"https:\/\/www.paubcn.com\/index.php\/wp-json\/wp\/v2\/users\/1"}],"replies":[{"embeddable":true,"href":"https:\/\/www.paubcn.com\/index.php\/wp-json\/wp\/v2\/comments?post=851"}],"version-history":[{"count":49,"href":"https:\/\/www.paubcn.com\/index.php\/wp-json\/wp\/v2\/pages\/851\/revisions"}],"predecessor-version":[{"id":1548,"href":"https:\/\/www.paubcn.com\/index.php\/wp-json\/wp\/v2\/pages\/851\/revisions\/1548"}],"wp:attachment":[{"href":"https:\/\/www.paubcn.com\/index.php\/wp-json\/wp\/v2\/media?parent=851"}],"curies":[{"name":"wp","href":"https:\/\/api.w.org\/{rel}","templated":true}]}}