{"id":915,"date":"2020-12-11T11:12:03","date_gmt":"2020-12-11T11:12:03","guid":{"rendered":"https:\/\/www.paubcn.com\/?page_id=915"},"modified":"2021-05-24T12:24:26","modified_gmt":"2021-05-24T12:24:26","slug":"politica-privacidad","status":"publish","type":"page","link":"https:\/\/www.paubcn.com\/index.php\/politica-privacidad\/","title":{"rendered":"PRIVACIDAD"},"content":{"rendered":"\n<h3 class=\"has-background wp-block-heading\" style=\"background-color:#ffffff\">Qui\u00e9nes somos<\/h3>\n\n\n\n<p class=\"has-small-font-size\">La direcci\u00f3n de nuestra web es: https:\/\/www.paubcn.com<\/p>\n\n\n\n<h3 class=\"has-background wp-block-heading\" style=\"background-color:#ffffff\">Propiedad intelectual<\/h3>\n\n\n\n<p class=\"has-small-font-size\">El proyecto del <em>Paseo-Camino de la Paz<\/em>, formado por el&nbsp;<strong><em>Portal<\/em>&nbsp;de la Paz<\/strong>,&nbsp;<em><strong>Paseo-Camino de la Paz de Barcelona<\/strong><\/em>&nbsp;y&nbsp;<em><strong>Peacekeepers Museum<\/strong><\/em>,&nbsp;est\u00e1n descritos en el dossier depositado en fecha 4 de Mayo de 2014 en el&nbsp;Registro de&nbsp;la Propiedad Intelectual&nbsp;con el n\u00famero de registro B -1204-14. Obteniendo la certificaci\u00f3n jur\u00eddica favorable sobre dichos derechos con el n\u00famero de asiento registral 02\/2014\/3222, siendo el propietario de los mismos <em>Jos\u00e9 Manuel Cu\u00e9llar Blanco<\/em>, con domicilio en calle Valencia, n\u00famero 419, entr. 2, 08013 de Barcelona. Email: autor[arroba]paubcn.com <br> <br>La propiedad intelectual de los contenidos, im\u00e1genes, fotograf\u00edas, v\u00eddeos, dise\u00f1o gr\u00e1fico, logotipos, banners, y c\u00f3digos en lenguaje html, php, javascript, o cualquier otro, incluido en estas p\u00e1ginas, pertenece a PAUBCN o a sus autores o legales propietarios, excepto en los casos que expresamente se indique lo contrario.<\/p>\n\n\n\n<p class=\"has-small-font-size\">No se autoriza la reproducci\u00f3n (excepto la descarga desde el servidor en el disco duro del ordenador del usuario, o de otros sistemas de almacenamiento) comercializaci\u00f3n, distribuci\u00f3n, difusi\u00f3n, modificaci\u00f3n, as\u00ed como cualquier otra actividad que se derive de la informaci\u00f3n contenida en estas p\u00e1ginas, sin la autorizaci\u00f3n de sus propietarios.<br>El contenido de la documentaci\u00f3n fotogr\u00e1fica y multimedia que se publique es propiedad de sus autores, o de terceros que hayan autorizado el uso de su informaci\u00f3n a PAUBCN.<br>No est\u00e1 permitida la modificaci\u00f3n del web ni de sus contenidos por terceras personas o entidades ajenas a PAUBCN.<\/p>\n\n\n\n<h3 class=\"has-background wp-block-heading\" style=\"background-color:#ffffff\">Qu\u00e9 datos personales recogemos y por qu\u00e9 los recogemos<\/h3>\n\n\n\n<h4 class=\"wp-block-heading\">Comentarios<\/h4>\n\n\n\n<p class=\"has-small-font-size\">Cuando los visitantes dejan comentarios en la web, recopilamos los datos que se muestran en el formulario de comentarios, as\u00ed como la direcci\u00f3n IP del visitante y la cadena de agentes de usuario del navegador para ayudar a la detecci\u00f3n de spam.<\/p>\n\n\n\n<p class=\"has-small-font-size\">Una cadena an\u00f3nima creada a partir de tu direcci\u00f3n de correo electr\u00f3nico (tambi\u00e9n llamada hash) puede ser proporcionada al servicio de Gravatar para ver si la est\u00e1s usando. La pol\u00edtica de privacidad del servicio Gravatar est\u00e1 disponible en https:\/\/automattic.com\/privacy\/. Despu\u00e9s de la aprobaci\u00f3n de tu comentario, la imagen de tu perfil es visible para el p\u00fablico en el contexto de tu comentario.<\/p>\n\n\n\n<h3 class=\"has-background wp-block-heading\" style=\"background-color:#ffffff\">Media<\/h3>\n\n\n\n<p class=\"has-small-font-size\">Si subes im\u00e1genes al sitio web, deber\u00edas evitar subir im\u00e1genes con datos de ubicaci\u00f3n (GPS EXIF) incluidos. Los visitantes de la web pueden descargar y extraer cualquier dato de ubicaci\u00f3n de las im\u00e1genes de la web.<\/p>\n\n\n\n<h3 class=\"has-background wp-block-heading\" style=\"background-color:#ffffff\">Informaci\u00f3n de contacto<\/h3>\n\n\n\n<h4 class=\"wp-block-heading\">Cookies<\/h4>\n\n\n\n<p class=\"has-small-font-size\">Las cookies son archivos de texto peque\u00f1os que se utilizan para almacenar peque\u00f1os datos. Las cookies se almacenan en el dispositivo cuando se carga el sitio web en su navegador. Estas cookies nos ayudan a hacer que el sitio web funcione correctamente, a hacer que el sitio web sea m\u00e1s seguro, proporcionar una mejor experiencia a los usuarios y entender el funcionamiento del sitio web y analizar qu\u00e9 funciona y donde necesita mejorar.<br><br>Algunas cookies son imprescindibles para que puedas experimentar toda la funcionalidad de nuestro sitio web. Nos permiten mantener sesiones de usuarios y prevenir cualquier amenaza de seguridad. No recopilan ni almacenan informaci\u00f3n personal. Por ejemplo, estas cookies te permiten acceder a tu cuenta y a\u00f1adir productos a la cesta y la caja de seguridad de manera segura si fuera el caso.<br><br>Si dejas un comentario en nuestro sitio puedes elegir guardar tu nombre, direcci\u00f3n de correo electr\u00f3nico y web en cookies. Esto es para tu comodidad, para que no tengas que volver a rellenar tus datos cuando dejes otro comentario. Estas cookies tendr\u00e1n una duraci\u00f3n de un a\u00f1o.<\/p>\n\n\n\n<p class=\"has-small-font-size\">Si tienes una cuenta y te conectas a este sitio, instalaremos una cookie temporal para determinar si tu navegador acepta cookies. Esta cookie no contiene datos personales y se elimina al cerrar el navegador.<\/p>\n\n\n\n<p class=\"has-small-font-size\">Cuando accedas, tambi\u00e9n instalaremos varias cookies para guardar tu informaci\u00f3n de acceso y tus opciones de visualizaci\u00f3n de pantalla. Las cookies de acceso duran dos d\u00edas, y las cookies de opciones de pantalla duran un a\u00f1o. Si seleccionas \u00abRecordarme\u00bb, tu acceso perdurar\u00e1 durante dos semanas. Si sales de tu cuenta, las cookies de acceso se eliminar\u00e1n.<\/p>\n\n\n\n<p class=\"has-small-font-size\">Si editas o publicas un art\u00edculo se guardar\u00e1 una cookie adicional en tu navegador. Esta cookie no incluye datos personales y simplemente indica el ID del art\u00edculo que acabas de editar. Caduca despu\u00e9s de un d\u00eda.<br><br>Puedes obtener m\u00e1s informaci\u00f3n sobre c\u00f3mo gestionar y eliminar las cookies, visitando www.allaboutcookies.org\/es\/<\/p>\n\n\n\n<h4 class=\"has-background wp-block-heading\" style=\"background-color:#ffffff\">Contenido incrustado de otros sitios web<\/h4>\n\n\n\n<p class=\"has-small-font-size\">Los art\u00edculos de este sitio pueden incluir contenido incrustado (por ejemplo, v\u00eddeos, im\u00e1genes, art\u00edculos, etc.). El contenido incrustado de otras webs se comporta exactamente de la misma manera que si el visitante hubiera visitado la otra web.<\/p>\n\n\n\n<p class=\"has-small-font-size\">Estas web pueden recopilar datos sobre ti, utilizar cookies, incrustar un seguimiento adicional de terceros, y supervisar tu interacci\u00f3n con ese contenido incrustado, incluido el seguimiento de tu interacci\u00f3n con el contenido incrustado si tienes una cuenta y est\u00e1s conectado a esa web.<\/p>\n\n\n\n<h3 class=\"has-background wp-block-heading\" style=\"background-color:#ffffff\">Anal\u00edtica<\/h3>\n\n\n\n<h4 class=\"wp-block-heading\">Con qui\u00e9n compartimos tus datos y durante cu\u00e1nto tiempo los conservamos<\/h4>\n\n\n\n<p class=\"has-small-font-size\">Si dejas un comentario, el comentario y sus metadatos se conservan indefinidamente. Esto es para que podamos reconocer y aprobar comentarios sucesivos autom\u00e1ticamente, en lugar de mantenerlos en una cola de moderaci\u00f3n.<\/p>\n\n\n\n<p class=\"has-small-font-size\">De los usuarios que se registran en nuestra web (si los hay), tambi\u00e9n almacenamos la informaci\u00f3n personal que proporcionan en su perfil de usuario. Todos los usuarios pueden ver, editar o eliminar su informaci\u00f3n personal en cualquier momento (excepto que no pueden cambiar su nombre de usuario). Los administradores de la web tambi\u00e9n pueden ver y editar esa informaci\u00f3n.<\/p>\n\n\n\n<h4 class=\"has-background wp-block-heading\" style=\"background-color:#ffffff\">Qu\u00e9 derechos tienes sobre tus datos<\/h4>\n\n\n\n<p class=\"has-small-font-size\">Si tienes una cuenta o has dejado comentarios en esta web, puedes solicitar recibir un archivo de exportaci\u00f3n de los datos personales que tenemos sobre ti, incluyendo cualquier dato que nos hayas proporcionado. Tambi\u00e9n puedes solicitar que eliminemos cualquier dato personal que tengamos sobre ti. Esto no incluye ning\u00fan dato que estemos obligados a conservar con fines administrativos, legales o de seguridad.<\/p>\n\n\n\n<h4 class=\"has-background wp-block-heading\" style=\"background-color:#ffffff\">Responsabilidades<\/h4>\n\n\n\n<p class=\"has-small-font-size\">La responsabilidad de las opiniones o propuestas expuestas en esta web son \u00fanica y exclusivamente de las personas, colectivos, entidades o asociaciones que las suscriben. PAUBCN se reserva el derecho a no publicar aquellos contenidos que puedan ofender a terceros.<br>PAUBCN no se hace responsable de la informaci\u00f3n que no haya sido elaborada y tratada bajo su nombre y especialmente, no se responsabiliza de la informaci\u00f3n contenida en otras p\u00e1ginas web conectadas mediante hiperv\u00ednculos con las p\u00e1ginas de PAUBCN.<br>Tampoco ser\u00e1 responsable de cualquier da\u00f1o, incluyendo sin l\u00edmites, p\u00e9rdidas o da\u00f1os indirectos, inherentes o consecuentes que puedan surgir en relaci\u00f3n a estas p\u00e1ginas, por interrupci\u00f3n o defecto, virus inform\u00e1ticos o quiebra en los sistemas de comunicaci\u00f3n o servidores.<br>Los hiperv\u00ednculos con otras p\u00e1ginas de la red, se entienden bajo su propio riesgo. PAUBCN no puede verificar ni controlar la exactitud y el contenido de otras p\u00e1ginas de la red que est\u00e9n vinculadas a estas.<\/p>\n\n\n\n<h4 class=\"has-background wp-block-heading\" style=\"background-color:#ffffff\">Protecci\u00f3n de datos<\/h4>\n\n\n\n<p class=\"has-small-font-size\">Considerando la Ley Org\u00e1nica de Protecci\u00f3n de Datos, se informa a los usuarios que los datos facilitados ser\u00e1n tratados de acuerdo con el art\u00edculo 5 de la Ley Org\u00e1nica 15\/1999, de 13 de diciembre, de protecci\u00f3n de datos de car\u00e1cter personal. Sin embargo se informa que los datos a que se refiere el art\u00edculo 2.2 del reglamento que desarrolla la ley (Real Decreto 1720\/2007 de 21 de diciembre) quedan excluidos del r\u00e9gimen de protecci\u00f3n de datos de car\u00e1cter personal.<br>Para ejercer el derecho de acceso, modificaci\u00f3n, rectificaci\u00f3n, cancelaci\u00f3n u oposici\u00f3n de los datos proporcionados, puede dirigirse a la direcci\u00f3n de correo electr\u00f3nico lopd[arroba]paubcn.com<br>Los datos que se hayan obtenido mediante formularios incluidos en la web de PAUBCN no pueden cederse, salvo aquellos casos en que el usuario lo haya autorizado expresamente, asegurando en todo momento, el tratamiento responsable de la informaci\u00f3n que se haya facilitado de manera voluntaria.<\/p>\n\n\n\n<hr class=\"wp-block-separator\"\/>\n","protected":false},"excerpt":{"rendered":"<p>Qui\u00e9nes somos La direcci\u00f3n de nuestra web es: https:\/\/www.paubcn.com Propiedad intelectual El proyecto del Paseo-Camino de la Paz, formado por el&nbsp;Portal&nbsp;de la Paz,&nbsp;Paseo-Camino de la Paz de Barcelona&nbsp;y&nbsp;Peacekeepers Museum,&nbsp;est\u00e1n descritos en el dossier depositado en fecha 4 de Mayo de 2014 en el&nbsp;Registro de&nbsp;la Propiedad Intelectual&nbsp;con el n\u00famero de registro B -1204-14. Obteniendo la certificaci\u00f3n [&hellip;]<\/p>\n","protected":false},"author":1,"featured_media":0,"parent":0,"menu_order":0,"comment_status":"closed","ping_status":"closed","template":"templates\/template-full-width.php","meta":{"_monsterinsights_skip_tracking":false,"_monsterinsights_sitenote_active":false,"_monsterinsights_sitenote_note":"","_monsterinsights_sitenote_category":0,"footnotes":""},"class_list":["post-915","page","type-page","status-publish","hentry"],"yoast_head":"<!-- This site is optimized with the Yoast SEO plugin v27.4 - https:\/\/yoast.com\/product\/yoast-seo-wordpress\/ -->\n<title>PRIVACIDAD - Barcelona ciudad referente mundial de la paz<\/title>\n<meta name=\"description\" content=\"El proyecto del Paseo Camino de la Paz formado por el Portal de la Paz, Paseo Camino de la Paz de Barcelona y el Peacekeepers Museum...\" \/>\n<meta name=\"robots\" content=\"index, follow, max-snippet:-1, max-image-preview:large, max-video-preview:-1\" \/>\n<link rel=\"canonical\" href=\"https:\/\/www.paubcn.com\/index.php\/politica-privacidad\/\" \/>\n<meta property=\"og:locale\" content=\"ca_ES\" \/>\n<meta property=\"og:type\" content=\"article\" \/>\n<meta property=\"og:title\" content=\"PRIVACIDAD - Barcelona ciudad referente mundial de la paz\" \/>\n<meta property=\"og:description\" content=\"El proyecto del Paseo Camino de la Paz formado por el Portal de la Paz, Paseo Camino de la Paz de Barcelona y el Peacekeepers Museum...\" \/>\n<meta property=\"og:url\" content=\"https:\/\/www.paubcn.com\/index.php\/politica-privacidad\/\" \/>\n<meta property=\"og:site_name\" content=\"Barcelona ciudad referente mundial de la paz\" \/>\n<meta property=\"article:modified_time\" content=\"2021-05-24T12:24:26+00:00\" \/>\n<meta name=\"twitter:card\" content=\"summary_large_image\" \/>\n<meta name=\"twitter:label1\" content=\"Temps estimat de lectura\" \/>\n\t<meta name=\"twitter:data1\" content=\"6 minuts\" \/>\n<script type=\"application\/ld+json\" class=\"yoast-schema-graph\">{\"@context\":\"https:\\\/\\\/schema.org\",\"@graph\":[{\"@type\":\"WebPage\",\"@id\":\"https:\\\/\\\/www.paubcn.com\\\/index.php\\\/politica-privacidad\\\/\",\"url\":\"https:\\\/\\\/www.paubcn.com\\\/index.php\\\/politica-privacidad\\\/\",\"name\":\"PRIVACIDAD - Barcelona ciudad referente mundial de la paz\",\"isPartOf\":{\"@id\":\"https:\\\/\\\/www.paubcn.com\\\/#website\"},\"datePublished\":\"2020-12-11T11:12:03+00:00\",\"dateModified\":\"2021-05-24T12:24:26+00:00\",\"description\":\"El proyecto del Paseo Camino de la Paz formado por el Portal de la Paz, Paseo Camino de la Paz de Barcelona y el Peacekeepers Museum...\",\"breadcrumb\":{\"@id\":\"https:\\\/\\\/www.paubcn.com\\\/index.php\\\/politica-privacidad\\\/#breadcrumb\"},\"inLanguage\":\"ca\",\"potentialAction\":[{\"@type\":\"ReadAction\",\"target\":[\"https:\\\/\\\/www.paubcn.com\\\/index.php\\\/politica-privacidad\\\/\"]}]},{\"@type\":\"BreadcrumbList\",\"@id\":\"https:\\\/\\\/www.paubcn.com\\\/index.php\\\/politica-privacidad\\\/#breadcrumb\",\"itemListElement\":[{\"@type\":\"ListItem\",\"position\":1,\"name\":\"Home\",\"item\":\"https:\\\/\\\/www.paubcn.com\\\/\"},{\"@type\":\"ListItem\",\"position\":2,\"name\":\"PRIVACIDAD\"}]},{\"@type\":\"WebSite\",\"@id\":\"https:\\\/\\\/www.paubcn.com\\\/#website\",\"url\":\"https:\\\/\\\/www.paubcn.com\\\/\",\"name\":\"Barcelona ciudad referente mundial de la paz\",\"description\":\"\",\"publisher\":{\"@id\":\"https:\\\/\\\/www.paubcn.com\\\/#organization\"},\"potentialAction\":[{\"@type\":\"SearchAction\",\"target\":{\"@type\":\"EntryPoint\",\"urlTemplate\":\"https:\\\/\\\/www.paubcn.com\\\/?s={search_term_string}\"},\"query-input\":{\"@type\":\"PropertyValueSpecification\",\"valueRequired\":true,\"valueName\":\"search_term_string\"}}],\"inLanguage\":\"ca\"},{\"@type\":\"Organization\",\"@id\":\"https:\\\/\\\/www.paubcn.com\\\/#organization\",\"name\":\"Barcelona ciudad referente mundial de la paz\",\"url\":\"https:\\\/\\\/www.paubcn.com\\\/\",\"logo\":{\"@type\":\"ImageObject\",\"inLanguage\":\"ca\",\"@id\":\"https:\\\/\\\/www.paubcn.com\\\/#\\\/schema\\\/logo\\\/image\\\/\",\"url\":\"https:\\\/\\\/www.paubcn.com\\\/wp-content\\\/uploads\\\/2020\\\/11\\\/cropped-O_gris.png\",\"contentUrl\":\"https:\\\/\\\/www.paubcn.com\\\/wp-content\\\/uploads\\\/2020\\\/11\\\/cropped-O_gris.png\",\"width\":1345,\"height\":310,\"caption\":\"Barcelona ciudad referente mundial de la paz\"},\"image\":{\"@id\":\"https:\\\/\\\/www.paubcn.com\\\/#\\\/schema\\\/logo\\\/image\\\/\"}}]}<\/script>\n<!-- \/ Yoast SEO plugin. -->","yoast_head_json":{"title":"PRIVACIDAD - Barcelona ciudad referente mundial de la paz","description":"El proyecto del Paseo Camino de la Paz formado por el Portal de la Paz, Paseo Camino de la Paz de Barcelona y el Peacekeepers Museum...","robots":{"index":"index","follow":"follow","max-snippet":"max-snippet:-1","max-image-preview":"max-image-preview:large","max-video-preview":"max-video-preview:-1"},"canonical":"https:\/\/www.paubcn.com\/index.php\/politica-privacidad\/","og_locale":"ca_ES","og_type":"article","og_title":"PRIVACIDAD - Barcelona ciudad referente mundial de la paz","og_description":"El proyecto del Paseo Camino de la Paz formado por el Portal de la Paz, Paseo Camino de la Paz de Barcelona y el Peacekeepers Museum...","og_url":"https:\/\/www.paubcn.com\/index.php\/politica-privacidad\/","og_site_name":"Barcelona ciudad referente mundial de la paz","article_modified_time":"2021-05-24T12:24:26+00:00","twitter_card":"summary_large_image","twitter_misc":{"Temps estimat de lectura":"6 minuts"},"schema":{"@context":"https:\/\/schema.org","@graph":[{"@type":"WebPage","@id":"https:\/\/www.paubcn.com\/index.php\/politica-privacidad\/","url":"https:\/\/www.paubcn.com\/index.php\/politica-privacidad\/","name":"PRIVACIDAD - Barcelona ciudad referente mundial de la paz","isPartOf":{"@id":"https:\/\/www.paubcn.com\/#website"},"datePublished":"2020-12-11T11:12:03+00:00","dateModified":"2021-05-24T12:24:26+00:00","description":"El proyecto del Paseo Camino de la Paz formado por el Portal de la Paz, Paseo Camino de la Paz de Barcelona y el Peacekeepers Museum...","breadcrumb":{"@id":"https:\/\/www.paubcn.com\/index.php\/politica-privacidad\/#breadcrumb"},"inLanguage":"ca","potentialAction":[{"@type":"ReadAction","target":["https:\/\/www.paubcn.com\/index.php\/politica-privacidad\/"]}]},{"@type":"BreadcrumbList","@id":"https:\/\/www.paubcn.com\/index.php\/politica-privacidad\/#breadcrumb","itemListElement":[{"@type":"ListItem","position":1,"name":"Home","item":"https:\/\/www.paubcn.com\/"},{"@type":"ListItem","position":2,"name":"PRIVACIDAD"}]},{"@type":"WebSite","@id":"https:\/\/www.paubcn.com\/#website","url":"https:\/\/www.paubcn.com\/","name":"Barcelona ciudad referente mundial de la paz","description":"","publisher":{"@id":"https:\/\/www.paubcn.com\/#organization"},"potentialAction":[{"@type":"SearchAction","target":{"@type":"EntryPoint","urlTemplate":"https:\/\/www.paubcn.com\/?s={search_term_string}"},"query-input":{"@type":"PropertyValueSpecification","valueRequired":true,"valueName":"search_term_string"}}],"inLanguage":"ca"},{"@type":"Organization","@id":"https:\/\/www.paubcn.com\/#organization","name":"Barcelona ciudad referente mundial de la paz","url":"https:\/\/www.paubcn.com\/","logo":{"@type":"ImageObject","inLanguage":"ca","@id":"https:\/\/www.paubcn.com\/#\/schema\/logo\/image\/","url":"https:\/\/www.paubcn.com\/wp-content\/uploads\/2020\/11\/cropped-O_gris.png","contentUrl":"https:\/\/www.paubcn.com\/wp-content\/uploads\/2020\/11\/cropped-O_gris.png","width":1345,"height":310,"caption":"Barcelona ciudad referente mundial de la paz"},"image":{"@id":"https:\/\/www.paubcn.com\/#\/schema\/logo\/image\/"}}]}},"_links":{"self":[{"href":"https:\/\/www.paubcn.com\/index.php\/wp-json\/wp\/v2\/pages\/915","targetHints":{"allow":["GET"]}}],"collection":[{"href":"https:\/\/www.paubcn.com\/index.php\/wp-json\/wp\/v2\/pages"}],"about":[{"href":"https:\/\/www.paubcn.com\/index.php\/wp-json\/wp\/v2\/types\/page"}],"author":[{"embeddable":true,"href":"https:\/\/www.paubcn.com\/index.php\/wp-json\/wp\/v2\/users\/1"}],"replies":[{"embeddable":true,"href":"https:\/\/www.paubcn.com\/index.php\/wp-json\/wp\/v2\/comments?post=915"}],"version-history":[{"count":19,"href":"https:\/\/www.paubcn.com\/index.php\/wp-json\/wp\/v2\/pages\/915\/revisions"}],"predecessor-version":[{"id":1468,"href":"https:\/\/www.paubcn.com\/index.php\/wp-json\/wp\/v2\/pages\/915\/revisions\/1468"}],"wp:attachment":[{"href":"https:\/\/www.paubcn.com\/index.php\/wp-json\/wp\/v2\/media?parent=915"}],"curies":[{"name":"wp","href":"https:\/\/api.w.org\/{rel}","templated":true}]}}